{"id":2002,"date":"2021-05-14T14:41:07","date_gmt":"2021-05-14T13:41:07","guid":{"rendered":"https:\/\/www.tamariemerhba.com\/?page_id=2002"},"modified":"2021-05-14T14:45:16","modified_gmt":"2021-05-14T13:45:16","slug":"cookies","status":"publish","type":"page","link":"https:\/\/www.tamariemerhba.com\/fr\/cookies\/","title":{"rendered":"Cookies"},"content":{"rendered":"<div data-elementor-type=\"wp-post\" data-elementor-id=\"2002\" class=\"elementor elementor-2002\" data-elementor-post-type=\"page\">\n\t\t\t\t\t\t<section class=\"elementor-section elementor-top-section elementor-element elementor-element-3906703 elementor-section-boxed elementor-section-height-default elementor-section-height-default\" data-id=\"3906703\" data-element_type=\"section\" data-e-type=\"section\" data-settings=\"{&quot;background_background&quot;:&quot;classic&quot;}\">\n\t\t\t\t\t\t\t<div class=\"elementor-background-overlay\"><\/div>\n\t\t\t\t\t\t\t<div class=\"elementor-container elementor-column-gap-default\">\n\t\t\t\t\t<div class=\"elementor-column elementor-col-33 elementor-top-column elementor-element elementor-element-5b80d24\" data-id=\"5b80d24\" data-element_type=\"column\" data-e-type=\"column\">\n\t\t\t<div class=\"elementor-widget-wrap\">\n\t\t\t\t\t\t\t<\/div>\n\t\t<\/div>\n\t\t\t\t<div class=\"elementor-column elementor-col-33 elementor-top-column elementor-element elementor-element-24c9f1f\" data-id=\"24c9f1f\" data-element_type=\"column\" data-e-type=\"column\">\n\t\t\t<div class=\"elementor-widget-wrap elementor-element-populated\">\n\t\t\t\t\t\t<div class=\"elementor-element elementor-element-a5e247a elementor-widget elementor-widget-heading\" data-id=\"a5e247a\" data-element_type=\"widget\" data-e-type=\"widget\" data-widget_type=\"heading.default\">\n\t\t\t\t<div class=\"elementor-widget-container\">\n\t\t\t\t\t<h2 class=\"elementor-heading-title elementor-size-default\">Avis relatif aux cookies<\/h2>\t\t\t\t<\/div>\n\t\t\t\t<\/div>\n\t\t\t\t\t<\/div>\n\t\t<\/div>\n\t\t\t\t<div class=\"elementor-column elementor-col-33 elementor-top-column elementor-element elementor-element-9a08ab1\" data-id=\"9a08ab1\" data-element_type=\"column\" data-e-type=\"column\">\n\t\t\t<div class=\"elementor-widget-wrap\">\n\t\t\t\t\t\t\t<\/div>\n\t\t<\/div>\n\t\t\t\t\t<\/div>\n\t\t<\/section>\n\t\t\t\t<section class=\"elementor-section elementor-top-section elementor-element elementor-element-6814ac3 elementor-section-boxed elementor-section-height-default elementor-section-height-default\" data-id=\"6814ac3\" data-element_type=\"section\" data-e-type=\"section\">\n\t\t\t\t\t\t<div class=\"elementor-container elementor-column-gap-default\">\n\t\t\t\t\t<div class=\"elementor-column elementor-col-100 elementor-top-column elementor-element elementor-element-0b450f7\" data-id=\"0b450f7\" data-element_type=\"column\" data-e-type=\"column\">\n\t\t\t<div class=\"elementor-widget-wrap elementor-element-populated\">\n\t\t\t\t\t\t<div class=\"elementor-element elementor-element-e3b7761 elementor-widget elementor-widget-text-editor\" data-id=\"e3b7761\" data-element_type=\"widget\" data-e-type=\"widget\" data-widget_type=\"text-editor.default\">\n\t\t\t\t<div class=\"elementor-widget-container\">\n\t\t\t\t\t\t\t\t\t<div id=\"company-header-intro\" class=\"headerintro ccm-cookie-notice\"><div id=\"company__header-intro\" class=\"headerintro\"><div class=\"header-intro-container\"><div id=\"article-title\" class=\"header-intro\">\u00a0<\/div><\/div><\/div><\/div><div class=\"ccm-settings-link\"><div class=\"optanon-show-settings-popup-wrapper\"><div class=\"optanon-show-settings-button optanon-toggle-display\"><div class=\"optanon-show-settings-right\"><span style=\"font-size: 16px;\">Derni\u00e8re r\u00e9vision : 26 f\u00e9vrier 2021<\/span><\/div><\/div><\/div><\/div><div class=\"content-top\"><div class=\"share-bar\"><div id=\"company__social-share-top\" class=\"custom-socialshare social-share-links\">\u00a0<\/div><\/div><div id=\"company__intro-copy\" class=\"introductionCopyPost introductioncopy\"><div class=\"introduction-copy\"><p class=\"page-intro-copy\">Ce site Web utilise des cookies pour am\u00e9liorer l'exp\u00e9rience de l'utilisateur et garantir son bon fonctionnement.<\/p><\/div><\/div><\/div><div class=\"dcomparsys dcom-feature-par-rte\"><div class=\"customrichtext parbase section\"><div><div class=\"custom-rte\"><h4>Qu'est-ce qu'un cookie ?<\/h4><p>Un cookie est un petit fichier texte plac\u00e9 sur votre appareil par les sites web que vous visitez. Les cookies sont ensuite renvoy\u00e9s au site web lors de chaque visite ult\u00e9rieure, ou \u00e0 une autre page web qui reconna\u00eet ce cookie. Les cookies sont utilis\u00e9s pour faire fonctionner le site web, ou pour le rendre plus efficace, ainsi que pour fournir des informations aux propri\u00e9taires du site web. Ces informations peuvent \u00eatre utilis\u00e9es pour fournir un service plus personnalis\u00e9 et plus r\u00e9actif. Les cookies peuvent \u00eatre soit des cookies de premi\u00e8re partie plac\u00e9s directement par nous sur votre appareil, soit des cookies de tierce partie plac\u00e9s par un fournisseur tiers en notre nom. Chaque fois que vous utilisez ce site web, des informations peuvent \u00eatre collect\u00e9es par l'utilisation de cookies et d'autres technologies similaires (par exemple, balises web, tags, scripts, stockage local).<\/p><p>Cet avis sur les cookies fait partie de notre\u00a0<a href=\"https:\/\/www.tamariemerhba.com\/fr\/privacy\/\" target=\"_blank\" rel=\"noopener\">Confidentialit\u00e9<\/a>\u00a0D\u00e9claration. Pour plus d'informations sur nous, et sur la mani\u00e8re dont nous prot\u00e9geons les informations des visiteurs, veuillez consulter notre\u00a0<a href=\"https:\/\/www.tamariemerhba.com\/fr\/privacy\/\" target=\"_blank\" rel=\"noopener\">Confidentialit\u00e9<\/a>\u00a0d\u00e9claration<\/p><h4>Cookies que nous pouvons utiliser et pourquoi<\/h4><p>Lorsque nous utilisons des cookies sur notre site Web, nous pouvons les classer dans l'une des cat\u00e9gories suivantes :<\/p><ul><li>Les cookies \"strictement n\u00e9cessaires\" sont indispensables au fonctionnement du site web et ne peuvent \u00eatre d\u00e9sactiv\u00e9s dans nos syst\u00e8mes. Ils ne sont g\u00e9n\u00e9ralement d\u00e9finis qu'en r\u00e9ponse \u00e0 des actions effectu\u00e9es par vous qui \u00e9quivalent \u00e0 une demande de services, comme la d\u00e9finition de vos pr\u00e9f\u00e9rences en mati\u00e8re de confidentialit\u00e9, la connexion ou le remplissage de formulaires.<\/li><li>Les cookies \" d'analyse et de performance \" nous permettent d'effectuer un suivi analytique en comptant les visites et les sources de trafic afin que nous puissions mesurer et am\u00e9liorer les performances de notre site Web. Ils peuvent \u00eatre mis en place par nous ou par des fournisseurs tiers (par exemple, Adobe, Akamai, Brightcove, Qualtrics) pour nous aider \u00e0 savoir quelles pages ou vid\u00e9os sont les plus et les moins populaires et voir comment les visiteurs se d\u00e9placent sur le Site Internet.<\/li><li>Les cookies \"fonctionnels\" permettent au site web de fournir des fonctionnalit\u00e9s am\u00e9lior\u00e9es et une personnalisation bas\u00e9e sur votre interaction avec le site web. Ils peuvent \u00eatre d\u00e9finis par nous ou par des fournisseurs tiers, tels qu'Adobe, dont nous avons ajout\u00e9 les services \u00e0 nos pages.<\/li><li>Des cookies \" publicitaires et de ciblage \" peuvent \u00eatre plac\u00e9s sur notre site Web par nos partenaires publicitaires, tels qu'Adobe. Ils peuvent \u00eatre utilis\u00e9s par ces soci\u00e9t\u00e9s pour \u00e9tablir un profil de vos int\u00e9r\u00eats et vous montrer des publicit\u00e9s pertinentes sur d'autres sites web.<\/li><li>Les cookies \" m\u00e9dias sociaux \" sont d\u00e9finis par les services de m\u00e9dias sociaux (par exemple, Twitter, LinkedIn, Facebook) que nous avons ajout\u00e9s au site Web pour vous permettre de partager notre contenu avec vos amis et vos r\u00e9seaux. Ces cookies sont capables de suivre votre navigateur sur d'autres sites web et d'\u00e9tablir un profil de vos int\u00e9r\u00eats. Cela peut avoir un impact sur le contenu et les messages que vous voyez sur les autres sites web que vous visitez.<\/li><\/ul><p>Pour afficher une liste des cookies utilis\u00e9s par le site Web, cliquez sur \" G\u00e9rer les pr\u00e9f\u00e9rences en mati\u00e8re de cookies \" en haut du pr\u00e9sent avis sur les cookies.<\/p><h4>Combien de temps les cookies restent-ils sur mon appareil ?<\/h4><p>La dur\u00e9e de conservation des cookies sur votre appareil varie selon qu'il s'agit d'un cookie \"persistant\" ou \"de session\". Un cookie persistant sera stock\u00e9 par un navigateur web et restera valide jusqu'\u00e0 sa date d'expiration d\u00e9finie, sauf si vous le supprimez avant la date d'expiration. Un cookie de session, quant \u00e0 lui, expirera \u00e0 la fin de votre session web, lorsque le navigateur web sera ferm\u00e9.<\/p><h4>Comment puis-je contr\u00f4ler les cookies ?<\/h4><p>Vous pouvez contr\u00f4ler et g\u00e9rer les cookies de diff\u00e9rentes mani\u00e8res. N'oubliez pas que la suppression ou la d\u00e9sactivation des cookies peut avoir un impact sur votre exp\u00e9rience utilisateur et que certaines parties de ce site Web peuvent ne plus \u00eatre enti\u00e8rement fonctionnelles.<\/p><p>Lorsque les cookies ne sont pas strictement n\u00e9cessaires \u00e0 la fourniture de notre site Web, nous vous demanderons de consentir \u00e0 notre utilisation des cookies lors de votre premi\u00e8re visite sur notre site Web. Vous pouvez donner ou retirer votre consentement en cliquant sur \"G\u00e9rer les pr\u00e9f\u00e9rences en mati\u00e8re de cookies\" en haut de cette page.<\/p><p>Vous pouvez \u00e9galement modifier les param\u00e8tres de votre navigateur pour g\u00e9rer et contr\u00f4ler les cookies. Vous trouverez des informations d\u00e9taill\u00e9es sur la mani\u00e8re de proc\u00e9der \u00e0 l'adresse suivante\u00a0<a href=\"http:\/\/www.aboutcookies.org\/\" target=\"_blank\" rel=\"noopener\">http:\/\/www.aboutcookies.org\/<\/a>.<\/p><p>Tout consentement \u00e0 accepter ou \u00e0 refuser les cookies est limit\u00e9 au site pour lequel cet avis sur les cookies est affich\u00e9 et non \u00e0 d'autres sites ou \u00e0 d'autres pages, qui peuvent \u00eatre hyperli\u00e9s \u00e0 notre site Web. Pour plus d'informations sur les cookies utilis\u00e9s par ces sites web, veuillez vous r\u00e9f\u00e9rer \u00e0 l'avis sp\u00e9cifique sur la confidentialit\u00e9 ou les cookies de ces sites web.<\/p><h4>Communications par e-mail<\/h4><p>Nous pouvons \u00e9galement utiliser des technologies de suivi pour d\u00e9terminer si vous avez lu, cliqu\u00e9 sur ou transf\u00e9r\u00e9 certaines communications par courrier \u00e9lectronique que nous vous envoyons, afin de rendre nos communications plus utiles et int\u00e9ressantes. Si vous ne souhaitez pas que nous confirmions si vous avez ouvert, cliqu\u00e9 ou transf\u00e9r\u00e9 nos communications, vous devrez vous d\u00e9sabonner, car il nous est impossible d'envoyer ces courriels sans que le suivi soit activ\u00e9. Les abonn\u00e9s enregistr\u00e9s peuvent mettre \u00e0 jour leurs pr\u00e9f\u00e9rences en mati\u00e8re de communication \u00e0 tout moment en nous contactant, ou vous pouvez vous d\u00e9sabonner en suivant les instructions figurant dans les communications \u00e9lectroniques individuelles que vous recevez de notre part.<\/p><h4>Modifications de cet avis sur les cookies<\/h4><p>Nous pouvons modifier ou amender cet avis sur les cookies de temps \u00e0 autre, \u00e0 notre discr\u00e9tion. Lorsque nous apporterons des modifications \u00e0 cet avis, nous modifierons la date de r\u00e9vision en haut de cette page, et cet avis sur les cookies modifi\u00e9 ou amend\u00e9 sera effectif pour vous et vos informations \u00e0 partir de cette date de r\u00e9vision.<\/p><p>Nous vous encourageons \u00e0 consulter p\u00e9riodiquement cet avis sur les cookies pour \u00eatre inform\u00e9 de la mani\u00e8re dont nous utilisons les cookies.<\/p><\/div><\/div><\/div><\/div>\t\t\t\t\t\t\t\t<\/div>\n\t\t\t\t<\/div>\n\t\t\t\t\t<\/div>\n\t\t<\/div>\n\t\t\t\t\t<\/div>\n\t\t<\/section>\n\t\t\t\t<\/div>","protected":false},"excerpt":{"rendered":"<p>Cookie Notice \u00a0Last revised: 26 February 2021\u00a0 This Website uses cookies to improve the user experience and ensure that it is functioning effectively. What is a cookie? A cookie is a small text file placed on your device by the websites that you visit. Cookies are then sent back to the website on each subsequent [&hellip;]<\/p>\n","protected":false},"author":2,"featured_media":0,"parent":0,"menu_order":0,"comment_status":"closed","ping_status":"closed","template":"","meta":{"nf_dc_page":"","site-sidebar-layout":"no-sidebar","site-content-layout":"page-builder","ast-site-content-layout":"default","site-content-style":"default","site-sidebar-style":"default","ast-global-header-display":"","ast-banner-title-visibility":"","ast-main-header-display":"","ast-hfb-above-header-display":"","ast-hfb-below-header-display":"","ast-hfb-mobile-header-display":"","site-post-title":"disabled","ast-breadcrumbs-content":"","ast-featured-img":"disabled","footer-sml-layout":"","ast-disable-related-posts":"","theme-transparent-header-meta":"enabled","adv-header-id-meta":"","stick-header-meta":"","header-above-stick-meta":"","header-main-stick-meta":"","header-below-stick-meta":"","astra-migrate-meta-layouts":"default","ast-page-background-enabled":"default","ast-page-background-meta":{"desktop":{"background-color":"","background-image":"","background-repeat":"repeat","background-position":"center center","background-size":"auto","background-attachment":"scroll","background-type":"","background-media":"","overlay-type":"","overlay-color":"","overlay-opacity":"","overlay-gradient":""},"tablet":{"background-color":"","background-image":"","background-repeat":"repeat","background-position":"center center","background-size":"auto","background-attachment":"scroll","background-type":"","background-media":"","overlay-type":"","overlay-color":"","overlay-opacity":"","overlay-gradient":""},"mobile":{"background-color":"","background-image":"","background-repeat":"repeat","background-position":"center center","background-size":"auto","background-attachment":"scroll","background-type":"","background-media":"","overlay-type":"","overlay-color":"","overlay-opacity":"","overlay-gradient":""}},"ast-content-background-meta":{"desktop":{"background-color":"var(--ast-global-color-5)","background-image":"","background-repeat":"repeat","background-position":"center center","background-size":"auto","background-attachment":"scroll","background-type":"","background-media":"","overlay-type":"","overlay-color":"","overlay-opacity":"","overlay-gradient":""},"tablet":{"background-color":"var(--ast-global-color-5)","background-image":"","background-repeat":"repeat","background-position":"center center","background-size":"auto","background-attachment":"scroll","background-type":"","background-media":"","overlay-type":"","overlay-color":"","overlay-opacity":"","overlay-gradient":""},"mobile":{"background-color":"var(--ast-global-color-5)","background-image":"","background-repeat":"repeat","background-position":"center center","background-size":"auto","background-attachment":"scroll","background-type":"","background-media":"","overlay-type":"","overlay-color":"","overlay-opacity":"","overlay-gradient":""}},"footnotes":""},"class_list":["post-2002","page","type-page","status-publish","hentry"],"_links":{"self":[{"href":"https:\/\/www.tamariemerhba.com\/fr\/wp-json\/wp\/v2\/pages\/2002","targetHints":{"allow":["GET"]}}],"collection":[{"href":"https:\/\/www.tamariemerhba.com\/fr\/wp-json\/wp\/v2\/pages"}],"about":[{"href":"https:\/\/www.tamariemerhba.com\/fr\/wp-json\/wp\/v2\/types\/page"}],"author":[{"embeddable":true,"href":"https:\/\/www.tamariemerhba.com\/fr\/wp-json\/wp\/v2\/users\/2"}],"replies":[{"embeddable":true,"href":"https:\/\/www.tamariemerhba.com\/fr\/wp-json\/wp\/v2\/comments?post=2002"}],"version-history":[{"count":4,"href":"https:\/\/www.tamariemerhba.com\/fr\/wp-json\/wp\/v2\/pages\/2002\/revisions"}],"predecessor-version":[{"id":2006,"href":"https:\/\/www.tamariemerhba.com\/fr\/wp-json\/wp\/v2\/pages\/2002\/revisions\/2006"}],"wp:attachment":[{"href":"https:\/\/www.tamariemerhba.com\/fr\/wp-json\/wp\/v2\/media?parent=2002"}],"curies":[{"name":"wp","href":"https:\/\/api.w.org\/{rel}","templated":true}]}}