{"id":1260,"date":"2021-02-23T14:04:05","date_gmt":"2021-02-23T13:04:05","guid":{"rendered":"https:\/\/www.tamariemerhba.com\/?page_id=1260"},"modified":"2021-05-09T10:36:11","modified_gmt":"2021-05-09T09:36:11","slug":"gfr","status":"publish","type":"page","link":"https:\/\/www.tamariemerhba.com\/fr\/gfr\/","title":{"rendered":"R\u00e8gles d'amiti\u00e9"},"content":{"rendered":"<div data-elementor-type=\"wp-post\" data-elementor-id=\"1260\" class=\"elementor elementor-1260\" data-elementor-post-type=\"page\">\n\t\t\t\t\t\t<section class=\"elementor-section elementor-top-section elementor-element elementor-element-3906703 elementor-section-boxed elementor-section-height-default elementor-section-height-default\" data-id=\"3906703\" data-element_type=\"section\" data-e-type=\"section\" data-settings=\"{&quot;background_background&quot;:&quot;classic&quot;}\">\n\t\t\t\t\t\t\t<div class=\"elementor-background-overlay\"><\/div>\n\t\t\t\t\t\t\t<div class=\"elementor-container elementor-column-gap-default\">\n\t\t\t\t\t<div class=\"elementor-column elementor-col-33 elementor-top-column elementor-element elementor-element-5b80d24\" data-id=\"5b80d24\" data-element_type=\"column\" data-e-type=\"column\">\n\t\t\t<div class=\"elementor-widget-wrap\">\n\t\t\t\t\t\t\t<\/div>\n\t\t<\/div>\n\t\t\t\t<div class=\"elementor-column elementor-col-33 elementor-top-column elementor-element elementor-element-24c9f1f\" data-id=\"24c9f1f\" data-element_type=\"column\" data-e-type=\"column\">\n\t\t\t<div class=\"elementor-widget-wrap elementor-element-populated\">\n\t\t\t\t\t\t<div class=\"elementor-element elementor-element-a5e247a elementor-widget elementor-widget-heading\" data-id=\"a5e247a\" data-element_type=\"widget\" data-e-type=\"widget\" data-widget_type=\"heading.default\">\n\t\t\t\t<div class=\"elementor-widget-container\">\n\t\t\t\t\t<h2 class=\"elementor-heading-title elementor-size-default\">de bons amis<\/h2>\t\t\t\t<\/div>\n\t\t\t\t<\/div>\n\t\t\t\t\t<\/div>\n\t\t<\/div>\n\t\t\t\t<div class=\"elementor-column elementor-col-33 elementor-top-column elementor-element elementor-element-9a08ab1\" data-id=\"9a08ab1\" data-element_type=\"column\" data-e-type=\"column\">\n\t\t\t<div class=\"elementor-widget-wrap\">\n\t\t\t\t\t\t\t<\/div>\n\t\t<\/div>\n\t\t\t\t\t<\/div>\n\t\t<\/section>\n\t\t\t\t<section class=\"elementor-section elementor-top-section elementor-element elementor-element-6814ac3 elementor-section-boxed elementor-section-height-default elementor-section-height-default\" data-id=\"6814ac3\" data-element_type=\"section\" data-e-type=\"section\">\n\t\t\t\t\t\t<div class=\"elementor-container elementor-column-gap-default\">\n\t\t\t\t\t<div class=\"elementor-column elementor-col-100 elementor-top-column elementor-element elementor-element-0b450f7\" data-id=\"0b450f7\" data-element_type=\"column\" data-e-type=\"column\">\n\t\t\t<div class=\"elementor-widget-wrap elementor-element-populated\">\n\t\t\t\t\t\t<div class=\"elementor-element elementor-element-e3b7761 elementor-widget elementor-widget-text-editor\" data-id=\"e3b7761\" data-element_type=\"widget\" data-e-type=\"widget\" data-widget_type=\"text-editor.default\">\n\t\t\t\t<div class=\"elementor-widget-container\">\n\t\t\t\t\t\t\t\t\t<p>Chers visiteurs,<\/p><p>En vous accueillant (\u00e0 nouveau), nous nous engageons \u00e0 vous fournir un environnement s\u00fbr pour profiter pleinement de vos vacances. Il est temps de vous laisser devenir notre invit\u00e9 dans un \"<strong>archipel de philoxenia<\/strong>\". Laissez-nous \u00eatre votre h\u00f4te. Un foyer loin de chez vous. <strong>Mer\u0127ba chez Ta Marie!<\/strong><\/p><p>\u00c0 votre arriv\u00e9e, nous prenons le temps de faire connaissance et de vous pr\u00e9senter les h\u00f4tes de votre maison de vacances. Une discussion d'introduction accompagn\u00e9e d'une <strong>mocktail de bienvenue frais et frais et petit <\/strong><strong>amuse-bouche<\/strong>pendant que nous assurons le transport de vos bagages jusqu'\u00e0 vos chambres.<\/p><p><strong>Votre maison est l'endroit o\u00f9 votre Wi-Fi se connecte automatiquement<\/strong><\/p><p>Le WiFi est disponible dans toutes nos chambres et l'acc\u00e8s est gratuit ; vous pouvez \u00e9galement vous brancher sur les t\u00e9l\u00e9viseurs de vos chambres ; il vous suffit de demander vos donn\u00e9es de connexion. En parlant de d\u00e9tails, nous devrons tenir un registre (fichier d'h\u00e9bergement et livre d'\u00e9v\u00e9nements) tant des membres du personnel que des invit\u00e9s (nom, pr\u00e9nom, nationalit\u00e9, date d'arriv\u00e9e et de d\u00e9part, coordonn\u00e9es telles que l'adresse, le num\u00e9ro de t\u00e9l\u00e9phone, l'e-mail) afin de pouvoir vous contacter par la suite, en cas de cas identifi\u00e9 Covid-19, en respectant toujours les directives GDPR.<\/p><p><strong>Le bonheur, c'est du sable entre vos orteils et un coup de soleil sur votre nez.<\/strong><\/p><p>Pour \u00e9viter d'avoir du sable dans votre chambre, notre service de nettoyage \u00e9tait propos\u00e9 tous les jours de 10h \u00e0 12h.<strong>.<\/strong> sauf le dimanche. Des draps et des serviettes propres sont fournis deux fois par semaine, conform\u00e9ment \u00e0 notre politique \u00e9cologique, en veillant \u00e0 ce que les clients ne soient pas pr\u00e9sents dans la chambre. N'h\u00e9sitez pas \u00e0 nous demander des draps\/serviettes propres suppl\u00e9mentaires ou un service de nettoyage, si vous en avez besoin. Les services de blanchisserie et de repassage \u00e9taient auparavant propos\u00e9s sur demande : Vous trouverez des d\u00e9sinfectants pour les mains dans votre chambre et dans les parties communes pour un usage personnel gratuit. Toutes les surfaces sont \u00e9galement d\u00e9sinfect\u00e9es quotidiennement.<\/p><p><strong>Initiative \u00e9cologique.<\/strong><\/p><p>R\u00e9pondre \u00e0 vos besoins est notre priorit\u00e9. Y parvenir et servir notre environnement est une distinction dont nous sommes tous tr\u00e8s fiers. Ainsi, si vous estimez qu'il n'est pas n\u00e9cessaire de changer les draps ou les serviettes, veuillez d\u00e9poser la carte sur votre lit le matin ou accrocher vos serviettes sur le porte-serviettes. Sinon, laissez-les dans le lavabo de la salle de bain. C'est vous qui choisissez. Vous faites la diff\u00e9rence<\/p><p><strong>Bien dormir profite \u00e0 l'\u00e2me et r\u00e9compense le corps. <\/strong><\/p><p>Accrochez simplement \"Ne pas d\u00e9ranger\" sur la porte et nous vous laisserons profiter un peu plus de nos lits douillets.<\/p><p><strong>Ouvrez les fen\u00eatres et respirez l'air sal\u00e9.<\/strong><\/p><p>Si vous avez besoin d'un peu d'air frais \u00e0 l'int\u00e9rieur de la pi\u00e8ce, veillez \u00e0 bien fermer les portes coulissantes et les fen\u00eatres, sinon la climatisation reste d\u00e9sactiv\u00e9e.\u00a0 La t\u00e9l\u00e9commande de la climatisation doit toujours afficher un flocon de neige et une temp\u00e9rature comprise entre 18 et 25 C pendant l'\u00e9t\u00e9. Pr\u00e9voyez 5 minutes pour son fonctionnement complet et laissez-nous vous aider en cas de d\u00e9sagr\u00e9ment. Attention \u00e0 la minuterie !<\/p><p><strong>Vivre sous le soleil. Nager dans la mer. Buvez l'air sauvage.<\/strong><\/p><p>L'eau du robinet \u00e0 Gozo est potable, mais une fontaine \u00e0 eau est mise \u00e0 la disposition de nos h\u00f4tes. Une bouteille d'eau fra\u00eeche vous est offerte lors de votre accueil \u00e0 l'arriv\u00e9e. L'eau est la vie mais elle est aussi pr\u00e9cieuse. En raison des faibles r\u00e9serves d'eau de l'\u00eele, surtout pendant la haute saison estivale, nous appelons les r\u00e9sidents et les visiteurs \u00e0 \u00e9viter toute utilisation excessive et inutile de l'eau. Nous vous remercions de votre compr\u00e9hension et de votre aide.<\/p><p><strong>Chassez le soleil et le soleil vous chassera en retour.<\/strong><\/p><p>Embrass\u00e9s par le soleil, vous pourriez profiter encore plus de nos lits confortables, mais nous serions heureux que vous \u00e9vitiez de vous y allonger tout en gardant votre protection solaire. Les cr\u00e8mes solaires peuvent \u00eatre r\u00e9sistantes \u00e0 l'eau mais, malheureusement, notre linge de lit et nos serviettes n'y r\u00e9sistent pas !<\/p><p><strong>Je me suis trouv\u00e9 une serviette de plage au bord de la mer.<\/strong><\/p><p>Chaque chambre est \u00e9quip\u00e9e de serviettes de plage \u00e0 emporter avec vous.<\/p><p><strong>Pluie, pluie, va-t'en. Reviens un autre jour.<\/strong><\/p><p>Au cas o\u00f9 il pleuvrait pendant votre s\u00e9jour, chaque chambre est \u00e9galement \u00e9quip\u00e9e d'un parapluie.<\/p><p><strong>Il est agr\u00e9able de se trouver entre les pages d'un livre.<\/strong><\/p><p>Plein de souvenirs d'\u00e9t\u00e9. Prenez - ou laissez - le v\u00f4tre et lisez-le au bord de la mer. Faites juste attention au sable entre les pages... Parfois, les souvenirs d'\u00e9t\u00e9 sont aussi sablonneux !<\/p><p><strong>Gardez-vous vivant l'enfant qui est en vous ?<\/strong><\/p><p>Ou \u00e0 c\u00f4t\u00e9 de vous ? Dans ce cas, un coffre \u00e0 jouets rempli de jeux de soci\u00e9t\u00e9, de puzzles, de carnets de croquis, de livres de coloriage, de marqueurs et de crayons de couleur vous attend - ou attend nos petits invit\u00e9s - pour en profiter.<\/p><p><strong>Un voyage se mesure mieux en amis qu'en kilom\u00e8tres.<\/strong><\/p><p>Mais les miles ne s\u00e9parent pas nos chambres. Par cons\u00e9quent, afin de devenir amis avec les h\u00f4tes \u00e0 c\u00f4t\u00e9 de vous, veuillez rester discrets et silencieux. Nous serons l\u00e0 pour rassurer et prot\u00e9ger la tranquillit\u00e9 et la d\u00e9tente de tous nos h\u00f4tes pendant leur s\u00e9jour.<\/p><p>L'hospitalit\u00e9 incarne l'attention, la gentillesse et la pr\u00e9venance dont un h\u00f4te doit faire preuve envers ses invit\u00e9s. C'est pourquoi, lorsque vous s\u00e9journez \u00e0 Ta Marie, toutes les lumi\u00e8res sont sur vous. S'il vous pla\u00eet, ne faites pas la m\u00eame chose avec l'\u00e9clairage de votre chambre ; v\u00e9rifiez simplement avant de partir ou d'aller pour votre sommeil facile. Dormez bien.<\/p><p>Prenez des mesures \u00e9cologiques et aidez-nous \u00e0 r\u00e9duire, r\u00e9utiliser et recycler tout plastique, verre ou papier. Vous trouverez des bacs de recyclage dans votre chambre, ou \u00e0 c\u00f4t\u00e9 du caf\u00e9\/th\u00e9 et de la biblioth\u00e8que ouverte. Merci de votre participation aux initiatives qui servent mieux l'environnement.<\/p><p><strong>F\u00e9licitations pour avoir arr\u00eat\u00e9 de fumer ;<\/strong><\/p><p>du moins \u00e0 l'int\u00e9rieur de nos chambres. Il est interdit de fumer dans les chambres\/immeubles, mais vous pouvez fumer sur les balcons et \u00e0 l'ext\u00e9rieur, si vous le souhaitez.<\/p><p><strong>La nourriture nourrit l'\u00e2me.<\/strong><\/p><p>Dans la mesure o\u00f9 nous mangeons tous de la nourriture et o\u00f9 nous avons tous une \u00e2me, la nourriture est le seul grand facteur d'unification entre les cultures. Mais qu'est-ce qui pourrait nourrir <em>votre <\/em>l'\u00e2me des \u00eeles ? N'h\u00e9sitez pas \u00e0 demander nos recommandations et nous serons heureux de vous aider \u00e0 faire vos r\u00e9servations.<\/p><p><strong>La date de votre d\u00e9part est-elle arriv\u00e9e ?<\/strong><\/p><p>Nous comprenons parfaitement que vous souhaitiez rester un peu plus longtemps, mais n'oubliez pas que l'heure de d\u00e9part est comprise entre 07h00 et 11h00 et que l'heure d'arriv\u00e9e est fix\u00e9e \u00e0 15h00. Nous serons ravis de vous accueillir \u00e0 nouveau ! Veuillez nous demander un d\u00e9part tardif, toujours selon la disponibilit\u00e9.<\/p><p>Votre re\u00e7u vous sera d\u00e9livr\u00e9 le jour de votre d\u00e9part. Nous sommes \u00e0 votre disposition pour toute autre question que vous pourriez avoir.<\/p><p>En cas de cas suspect, une trousse m\u00e9dicale sp\u00e9cialement \u00e9quip\u00e9e de gants \u00e0 usage unique et de masques jetables, d'antiseptiques, de lingettes d\u00e9sinfectantes, d'un peignoir jetable \u00e0 manches longues, d'un thermom\u00e8tre infrarouge est disponible au premier \u00e9tage, \u00e0 c\u00f4t\u00e9 de l'espace caf\u00e9\/th\u00e9.<\/p><p>Profitez de votre s\u00e9jour, soyez prudent et merci de votre visite.<\/p><p>Votre team Ta Marie<\/p>\t\t\t\t\t\t\t\t<\/div>\n\t\t\t\t<\/div>\n\t\t\t\t\t<\/div>\n\t\t<\/div>\n\t\t\t\t\t<\/div>\n\t\t<\/section>\n\t\t\t\t<\/div>","protected":false},"excerpt":{"rendered":"<p>Good friends Dear guests, As we welcome you (back), we remain committed to providing you with a safe environment to enjoy your holidays to the fullest. It is time you let yourself become our guest in an \u201carchipelago of philoxenia\u201d. Let us be your host. Home away from home. Mer\u0127ba at Ta Marie! Upon your [&hellip;]<\/p>\n","protected":false},"author":2,"featured_media":0,"parent":0,"menu_order":0,"comment_status":"closed","ping_status":"closed","template":"","meta":{"nf_dc_page":"","site-sidebar-layout":"no-sidebar","site-content-layout":"page-builder","ast-site-content-layout":"default","site-content-style":"default","site-sidebar-style":"default","ast-global-header-display":"","ast-banner-title-visibility":"","ast-main-header-display":"","ast-hfb-above-header-display":"","ast-hfb-below-header-display":"","ast-hfb-mobile-header-display":"","site-post-title":"disabled","ast-breadcrumbs-content":"","ast-featured-img":"disabled","footer-sml-layout":"","ast-disable-related-posts":"","theme-transparent-header-meta":"enabled","adv-header-id-meta":"","stick-header-meta":"","header-above-stick-meta":"","header-main-stick-meta":"","header-below-stick-meta":"","astra-migrate-meta-layouts":"default","ast-page-background-enabled":"default","ast-page-background-meta":{"desktop":{"background-color":"","background-image":"","background-repeat":"repeat","background-position":"center center","background-size":"auto","background-attachment":"scroll","background-type":"","background-media":"","overlay-type":"","overlay-color":"","overlay-opacity":"","overlay-gradient":""},"tablet":{"background-color":"","background-image":"","background-repeat":"repeat","background-position":"center center","background-size":"auto","background-attachment":"scroll","background-type":"","background-media":"","overlay-type":"","overlay-color":"","overlay-opacity":"","overlay-gradient":""},"mobile":{"background-color":"","background-image":"","background-repeat":"repeat","background-position":"center center","background-size":"auto","background-attachment":"scroll","background-type":"","background-media":"","overlay-type":"","overlay-color":"","overlay-opacity":"","overlay-gradient":""}},"ast-content-background-meta":{"desktop":{"background-color":"var(--ast-global-color-5)","background-image":"","background-repeat":"repeat","background-position":"center center","background-size":"auto","background-attachment":"scroll","background-type":"","background-media":"","overlay-type":"","overlay-color":"","overlay-opacity":"","overlay-gradient":""},"tablet":{"background-color":"var(--ast-global-color-5)","background-image":"","background-repeat":"repeat","background-position":"center center","background-size":"auto","background-attachment":"scroll","background-type":"","background-media":"","overlay-type":"","overlay-color":"","overlay-opacity":"","overlay-gradient":""},"mobile":{"background-color":"var(--ast-global-color-5)","background-image":"","background-repeat":"repeat","background-position":"center center","background-size":"auto","background-attachment":"scroll","background-type":"","background-media":"","overlay-type":"","overlay-color":"","overlay-opacity":"","overlay-gradient":""}},"footnotes":""},"class_list":["post-1260","page","type-page","status-publish","hentry"],"_links":{"self":[{"href":"https:\/\/www.tamariemerhba.com\/fr\/wp-json\/wp\/v2\/pages\/1260","targetHints":{"allow":["GET"]}}],"collection":[{"href":"https:\/\/www.tamariemerhba.com\/fr\/wp-json\/wp\/v2\/pages"}],"about":[{"href":"https:\/\/www.tamariemerhba.com\/fr\/wp-json\/wp\/v2\/types\/page"}],"author":[{"embeddable":true,"href":"https:\/\/www.tamariemerhba.com\/fr\/wp-json\/wp\/v2\/users\/2"}],"replies":[{"embeddable":true,"href":"https:\/\/www.tamariemerhba.com\/fr\/wp-json\/wp\/v2\/comments?post=1260"}],"version-history":[{"count":5,"href":"https:\/\/www.tamariemerhba.com\/fr\/wp-json\/wp\/v2\/pages\/1260\/revisions"}],"predecessor-version":[{"id":1900,"href":"https:\/\/www.tamariemerhba.com\/fr\/wp-json\/wp\/v2\/pages\/1260\/revisions\/1900"}],"wp:attachment":[{"href":"https:\/\/www.tamariemerhba.com\/fr\/wp-json\/wp\/v2\/media?parent=1260"}],"curies":[{"name":"wp","href":"https:\/\/api.w.org\/{rel}","templated":true}]}}