{"id":1188,"date":"2021-02-22T14:00:55","date_gmt":"2021-02-22T13:00:55","guid":{"rendered":"https:\/\/www.tamariemerhba.com\/?page_id=1188"},"modified":"2021-05-14T16:48:30","modified_gmt":"2021-05-14T15:48:30","slug":"faqs","status":"publish","type":"page","link":"https:\/\/www.tamariemerhba.com\/fr\/faqs\/","title":{"rendered":"FAQs"},"content":{"rendered":"<div data-elementor-type=\"wp-post\" data-elementor-id=\"1188\" class=\"elementor elementor-1188\" data-elementor-post-type=\"page\">\n\t\t\t\t\t\t<section class=\"elementor-section elementor-top-section elementor-element elementor-element-3906703 elementor-section-boxed elementor-section-height-default elementor-section-height-default\" data-id=\"3906703\" data-element_type=\"section\" data-e-type=\"section\" data-settings=\"{&quot;background_background&quot;:&quot;classic&quot;}\">\n\t\t\t\t\t\t\t<div class=\"elementor-background-overlay\"><\/div>\n\t\t\t\t\t\t\t<div class=\"elementor-container elementor-column-gap-default\">\n\t\t\t\t\t<div class=\"elementor-column elementor-col-33 elementor-top-column elementor-element elementor-element-5b80d24\" data-id=\"5b80d24\" data-element_type=\"column\" data-e-type=\"column\">\n\t\t\t<div class=\"elementor-widget-wrap\">\n\t\t\t\t\t\t\t<\/div>\n\t\t<\/div>\n\t\t\t\t<div class=\"elementor-column elementor-col-33 elementor-top-column elementor-element elementor-element-24c9f1f\" data-id=\"24c9f1f\" data-element_type=\"column\" data-e-type=\"column\">\n\t\t\t<div class=\"elementor-widget-wrap elementor-element-populated\">\n\t\t\t\t\t\t<div class=\"elementor-element elementor-element-a5e247a elementor-widget elementor-widget-heading\" data-id=\"a5e247a\" data-element_type=\"widget\" data-e-type=\"widget\" data-widget_type=\"heading.default\">\n\t\t\t\t<div class=\"elementor-widget-container\">\n\t\t\t\t\t<h2 class=\"elementor-heading-title elementor-size-default\">Frequently asked questions<\/h2>\t\t\t\t<\/div>\n\t\t\t\t<\/div>\n\t\t\t\t\t<\/div>\n\t\t<\/div>\n\t\t\t\t<div class=\"elementor-column elementor-col-33 elementor-top-column elementor-element elementor-element-9a08ab1\" data-id=\"9a08ab1\" data-element_type=\"column\" data-e-type=\"column\">\n\t\t\t<div class=\"elementor-widget-wrap\">\n\t\t\t\t\t\t\t<\/div>\n\t\t<\/div>\n\t\t\t\t\t<\/div>\n\t\t<\/section>\n\t\t\t\t<section class=\"elementor-section elementor-top-section elementor-element elementor-element-6814ac3 elementor-section-boxed elementor-section-height-default elementor-section-height-default\" data-id=\"6814ac3\" data-element_type=\"section\" data-e-type=\"section\">\n\t\t\t\t\t\t<div class=\"elementor-container elementor-column-gap-default\">\n\t\t\t\t\t<div class=\"elementor-column elementor-col-100 elementor-top-column elementor-element elementor-element-0b450f7\" data-id=\"0b450f7\" data-element_type=\"column\" data-e-type=\"column\">\n\t\t\t<div class=\"elementor-widget-wrap elementor-element-populated\">\n\t\t\t\t\t\t<div class=\"elementor-element elementor-element-e3b7761 elementor-widget elementor-widget-text-editor\" data-id=\"e3b7761\" data-element_type=\"widget\" data-e-type=\"widget\" data-widget_type=\"text-editor.default\">\n\t\t\t\t<div class=\"elementor-widget-container\">\n\t\t\t\t\t\t\t\t\t<p><strong>Questions fr\u00e9quemment pos\u00e9es<\/strong><\/p><p>La plupart des questions les plus fr\u00e9quemment pos\u00e9es peuvent trouver une r\u00e9ponse rapide dans la liste ci-dessous. Si vous avez besoin de nous <a href=\"https:\/\/www.tamariemerhba.com\/fr\/contact\/\">contactez<\/a> si vous avez une question sp\u00e9cifique qui ne figure pas dans la liste, veuillez nous envoyer un courriel.<\/p><p><strong>J'ai un vol tr\u00e8s t\u00f4t, \u00e0 quelle heure puis-je m'enregistrer au plus t\u00f4t ?<\/strong><\/p><p>Notre heure normale d'enregistrement est \u00e0 partir de 14 heures. Si vous avez un vol matinal, vous pouvez venir directement au Ta Marie's BnB. Si votre chambre n'est pas d\u00e9j\u00e0 disponible, nous mettrons vos bagages \u00e0 l'abri jusqu'\u00e0 ce qu'elle soit pr\u00eate. Cependant, si la chambre est pr\u00eate \u00e0 votre arriv\u00e9e, vous pourrez y acc\u00e9der imm\u00e9diatement.<\/p><p><strong>Quelle est l'heure la plus tardive \u00e0 laquelle je dois quitter l'h\u00f4tel ?<\/strong><\/p><p>Notre heure de d\u00e9part normale est avant 10 heures. Cependant, dans certains cas, si un client n'arrive que plus tard dans l'apr\u00e8s-midi, un d\u00e9part plus tardif est possible, au plus tard \u00e0 11h30. Notre femme de chambre doit avoir fait le m\u00e9nage dans toutes les chambres avant 13h00 pour permettre aux nouveaux arrivants d'arriver le jour m\u00eame. Si vous devez laisser vos bagages quelque part avant votre vol, nous serons heureux de les mettre dans la zone de stockage jusqu'\u00e0 votre d\u00e9part plus tard dans la journ\u00e9e.<\/p><p><strong>Y aura-t-il des frais suppl\u00e9mentaires pour un d\u00e9part tardif ?\u00a0<\/strong><\/p><p>Il n'y a pas de frais suppl\u00e9mentaires pour un d\u00e9part tardif, \u00e0 condition qu'il ne d\u00e9passe pas 11 heures. Pour chaque heure suppl\u00e9mentaire, des frais de 20 \u20ac s'appliquent. Vos h\u00f4tes vous informeront si cela est possible.<\/p><p><strong>Votre propri\u00e9t\u00e9 est-elle adapt\u00e9e aux animaux domestiques ?<\/strong><\/p><p>Non. Les animaux de compagnie des clients ne sont pas autoris\u00e9s.<strong>\u00a0<\/strong><\/p><p><strong>A quelle distance de l'a\u00e9roport se trouve Ta Marie's BnB ?<\/strong><\/p><p>Ta Marie's BnB se trouve \u00e0 seulement 45-60 minutes en voiture de l'a\u00e9roport international de Malte, en fonction des horaires des ferries pour Gozo. Nous vous recommandons de pr\u00e9voir 30 minutes pour votre prise en charge \u00e0 l'a\u00e9roport afin de tenir compte des embouteillages, le cas \u00e9ch\u00e9ant.<\/p><p><strong>Y a-t-il de bons restaurants et bars locaux pr\u00e8s du Ta Marie's BnB ?<\/strong><\/p><p>Gozo est une petite \u00eele avec de nombreux restaurants et bars diff\u00e9rents. Cependant, la vie nocturne telle qu'elle est connue dans les grandes villes n'est pas directement disponible. On trouve des bars et des restaurants dans chaque village et on y trouve souvent des cuisines diff\u00e9rentes. Nos h\u00f4tes se feront un plaisir de vous aider \u00e0 trouver la cuisine, la nourriture ou l'\u00e9v\u00e9nement qui vous convient le mieux pendant votre s\u00e9jour.<\/p><p><strong>Y a-t-il un salon de coiffure \u00e0 proximit\u00e9 ?<\/strong><\/p><p>Oui, il y a un bon salon de coiffure \u00e0 Zebbug, \u00e0 5 minutes de marche. De nombreux autres coiffeurs sont \u00e9galement disponibles dans chaque ville et certainement aussi \u00e0 Victoria. Nous sommes heureux de vous aider \u00e0 trouver le bon endroit pour tous les services dont vous avez besoin, qu'il s'agisse d'un spa, d'un salon de coiffure ou d'un salon de manucure.<\/p><p><strong>Je souffre d'une allergie alimentaire. Pouvez-vous r\u00e9pondre \u00e0 mes besoins au petit-d\u00e9jeuner ?<\/strong><\/p><p>Ta Marie vous encourage \u00e0 lui faire part de vos intol\u00e9rances alimentaires \u00e0 l'avance et elle s'assurera que vous \u00eates bien pris en charge pendant votre s\u00e9jour.<\/p><p><strong>A quelle heure est le petit d\u00e9jeuner ?<\/strong><\/p><p>Nous servons le petit-d\u00e9jeuner entre 8h et 10h tous les jours. Cependant, si vous avez une excursion ou un vol de d\u00e9part t\u00f4t, alors nous vous pr\u00e9parerons un <em>petit-d\u00e9jeuner \u00e0 emporter <\/em>avec vous. Pour les clients qui ont r\u00e9serv\u00e9 \"Room Only\" <em>(hors petit-d\u00e9jeuner)<\/em>, nous pouvons vous fournir une liste de lieux de petit-d\u00e9jeuner sur l'\u00eele \u00e0 proximit\u00e9.<\/p><p><strong>Le service de chambre est-il disponible ?\u00a0<\/strong><\/p><p>Il y a de nombreux caf\u00e9s et restaurants de qualit\u00e9 \u00e0 proximit\u00e9 pour les d\u00e9jeuners ou les d\u00eeners. Nous proposons \u00e9galement des mezze ou des tapas, des cocktails et des boissons et, deux fois par semaine, nous cr\u00e9ons une table d'h\u00f4te sur notre toit pour ceux qui souhaitent manger sur place.<\/p><p><strong>O\u00f9 pouvons-nous garer notre voiture de location ?<\/strong><\/p><p>Il y a de nombreuses places de stationnement GRATUITES dans la rue, toutes \u00e0 une minute de marche de notre porte d'entr\u00e9e. Il suffit de se garer en respectant les lignes blanches.<\/p>\t\t\t\t\t\t\t\t<\/div>\n\t\t\t\t<\/div>\n\t\t\t\t\t<\/div>\n\t\t<\/div>\n\t\t\t\t\t<\/div>\n\t\t<\/section>\n\t\t\t\t<\/div>","protected":false},"excerpt":{"rendered":"<p>Frequently asked questions Frequently Asked Questions Most frequently asked questions can be answered quickly via this list below. Should you need to contact us with a specific question not present on the list then please email us. I have an early flight, what time is the earliest I can Check- In? Our normal check in [&hellip;]<\/p>\n","protected":false},"author":2,"featured_media":0,"parent":0,"menu_order":0,"comment_status":"closed","ping_status":"closed","template":"","meta":{"nf_dc_page":"","site-sidebar-layout":"no-sidebar","site-content-layout":"page-builder","ast-site-content-layout":"default","site-content-style":"default","site-sidebar-style":"default","ast-global-header-display":"","ast-banner-title-visibility":"","ast-main-header-display":"","ast-hfb-above-header-display":"","ast-hfb-below-header-display":"","ast-hfb-mobile-header-display":"","site-post-title":"disabled","ast-breadcrumbs-content":"","ast-featured-img":"disabled","footer-sml-layout":"","ast-disable-related-posts":"","theme-transparent-header-meta":"enabled","adv-header-id-meta":"","stick-header-meta":"","header-above-stick-meta":"","header-main-stick-meta":"","header-below-stick-meta":"","astra-migrate-meta-layouts":"default","ast-page-background-enabled":"default","ast-page-background-meta":{"desktop":{"background-color":"","background-image":"","background-repeat":"repeat","background-position":"center center","background-size":"auto","background-attachment":"scroll","background-type":"","background-media":"","overlay-type":"","overlay-color":"","overlay-opacity":"","overlay-gradient":""},"tablet":{"background-color":"","background-image":"","background-repeat":"repeat","background-position":"center center","background-size":"auto","background-attachment":"scroll","background-type":"","background-media":"","overlay-type":"","overlay-color":"","overlay-opacity":"","overlay-gradient":""},"mobile":{"background-color":"","background-image":"","background-repeat":"repeat","background-position":"center center","background-size":"auto","background-attachment":"scroll","background-type":"","background-media":"","overlay-type":"","overlay-color":"","overlay-opacity":"","overlay-gradient":""}},"ast-content-background-meta":{"desktop":{"background-color":"var(--ast-global-color-5)","background-image":"","background-repeat":"repeat","background-position":"center center","background-size":"auto","background-attachment":"scroll","background-type":"","background-media":"","overlay-type":"","overlay-color":"","overlay-opacity":"","overlay-gradient":""},"tablet":{"background-color":"var(--ast-global-color-5)","background-image":"","background-repeat":"repeat","background-position":"center center","background-size":"auto","background-attachment":"scroll","background-type":"","background-media":"","overlay-type":"","overlay-color":"","overlay-opacity":"","overlay-gradient":""},"mobile":{"background-color":"var(--ast-global-color-5)","background-image":"","background-repeat":"repeat","background-position":"center center","background-size":"auto","background-attachment":"scroll","background-type":"","background-media":"","overlay-type":"","overlay-color":"","overlay-opacity":"","overlay-gradient":""}},"footnotes":""},"class_list":["post-1188","page","type-page","status-publish","hentry"],"_links":{"self":[{"href":"https:\/\/www.tamariemerhba.com\/fr\/wp-json\/wp\/v2\/pages\/1188","targetHints":{"allow":["GET"]}}],"collection":[{"href":"https:\/\/www.tamariemerhba.com\/fr\/wp-json\/wp\/v2\/pages"}],"about":[{"href":"https:\/\/www.tamariemerhba.com\/fr\/wp-json\/wp\/v2\/types\/page"}],"author":[{"embeddable":true,"href":"https:\/\/www.tamariemerhba.com\/fr\/wp-json\/wp\/v2\/users\/2"}],"replies":[{"embeddable":true,"href":"https:\/\/www.tamariemerhba.com\/fr\/wp-json\/wp\/v2\/comments?post=1188"}],"version-history":[{"count":5,"href":"https:\/\/www.tamariemerhba.com\/fr\/wp-json\/wp\/v2\/pages\/1188\/revisions"}],"predecessor-version":[{"id":2013,"href":"https:\/\/www.tamariemerhba.com\/fr\/wp-json\/wp\/v2\/pages\/1188\/revisions\/2013"}],"wp:attachment":[{"href":"https:\/\/www.tamariemerhba.com\/fr\/wp-json\/wp\/v2\/media?parent=1188"}],"curies":[{"name":"wp","href":"https:\/\/api.w.org\/{rel}","templated":true}]}}