{"id":1159,"date":"2021-02-19T16:39:31","date_gmt":"2021-02-19T15:39:31","guid":{"rendered":"https:\/\/www.tamariemerhba.com\/?page_id=1159"},"modified":"2021-05-11T08:53:39","modified_gmt":"2021-05-11T07:53:39","slug":"tc","status":"publish","type":"page","link":"https:\/\/www.tamariemerhba.com\/fr\/tc\/","title":{"rendered":"T&#038;C"},"content":{"rendered":"<div data-elementor-type=\"wp-post\" data-elementor-id=\"1159\" class=\"elementor elementor-1159\" data-elementor-post-type=\"page\">\n\t\t\t\t\t\t<section class=\"elementor-section elementor-top-section elementor-element elementor-element-3906703 elementor-section-boxed elementor-section-height-default elementor-section-height-default\" data-id=\"3906703\" data-element_type=\"section\" data-e-type=\"section\" data-settings=\"{&quot;background_background&quot;:&quot;classic&quot;}\">\n\t\t\t\t\t\t\t<div class=\"elementor-background-overlay\"><\/div>\n\t\t\t\t\t\t\t<div class=\"elementor-container elementor-column-gap-default\">\n\t\t\t\t\t<div class=\"elementor-column elementor-col-33 elementor-top-column elementor-element elementor-element-5b80d24\" data-id=\"5b80d24\" data-element_type=\"column\" data-e-type=\"column\">\n\t\t\t<div class=\"elementor-widget-wrap\">\n\t\t\t\t\t\t\t<\/div>\n\t\t<\/div>\n\t\t\t\t<div class=\"elementor-column elementor-col-33 elementor-top-column elementor-element elementor-element-24c9f1f\" data-id=\"24c9f1f\" data-element_type=\"column\" data-e-type=\"column\">\n\t\t\t<div class=\"elementor-widget-wrap elementor-element-populated\">\n\t\t\t\t\t\t<div class=\"elementor-element elementor-element-a5e247a elementor-widget elementor-widget-heading\" data-id=\"a5e247a\" data-element_type=\"widget\" data-e-type=\"widget\" data-widget_type=\"heading.default\">\n\t\t\t\t<div class=\"elementor-widget-container\">\n\t\t\t\t\t<h2 class=\"elementor-heading-title elementor-size-default\">Conditions g\u00e9n\u00e9rales<\/h2>\t\t\t\t<\/div>\n\t\t\t\t<\/div>\n\t\t\t\t\t<\/div>\n\t\t<\/div>\n\t\t\t\t<div class=\"elementor-column elementor-col-33 elementor-top-column elementor-element elementor-element-9a08ab1\" data-id=\"9a08ab1\" data-element_type=\"column\" data-e-type=\"column\">\n\t\t\t<div class=\"elementor-widget-wrap\">\n\t\t\t\t\t\t\t<\/div>\n\t\t<\/div>\n\t\t\t\t\t<\/div>\n\t\t<\/section>\n\t\t\t\t<section class=\"elementor-section elementor-top-section elementor-element elementor-element-6814ac3 elementor-section-boxed elementor-section-height-default elementor-section-height-default\" data-id=\"6814ac3\" data-element_type=\"section\" data-e-type=\"section\">\n\t\t\t\t\t\t<div class=\"elementor-container elementor-column-gap-default\">\n\t\t\t\t\t<div class=\"elementor-column elementor-col-100 elementor-top-column elementor-element elementor-element-0b450f7\" data-id=\"0b450f7\" data-element_type=\"column\" data-e-type=\"column\">\n\t\t\t<div class=\"elementor-widget-wrap elementor-element-populated\">\n\t\t\t\t\t\t<div class=\"elementor-element elementor-element-e3b7761 elementor-widget elementor-widget-text-editor\" data-id=\"e3b7761\" data-element_type=\"widget\" data-e-type=\"widget\" data-widget_type=\"text-editor.default\">\n\t\t\t\t<div class=\"elementor-widget-container\">\n\t\t\t\t\t\t\t\t\t<p>Toutes les r\u00e9servations doivent \u00eatre pay\u00e9es en totalit\u00e9 au moment de la r\u00e9servation.<\/p><p><strong>Enregistrement<\/strong><br \/>\u00c0 partir de 14h00 (une consigne gratuite est disponible pour les arriv\u00e9es anticip\u00e9es).<\/p><p><strong>D\u00e9part<\/strong><br \/>Avant 10h00<\/p><p><strong>Politique relative aux conditions d'\u00e2ge<\/strong><br \/>Les clients doivent \u00eatre \u00e2g\u00e9s de plus de 21 ans et pr\u00e9senter un passeport lors de l'enregistrement. Les enfants et\/ou les nourrissons de moins de 18 ans ne sont pas autoris\u00e9s, en aucune circonstance, sauf s'ils sont accompagn\u00e9s de leurs parents.<\/p><p><strong>Invit\u00e9s dans la chambre<\/strong><br \/>Seuls les invit\u00e9s enregistr\u00e9s sont autoris\u00e9s \u00e0 entrer dans les chambres et dans l'ensemble de la propri\u00e9t\u00e9. Les personnes non inscrites ne sont pas autoris\u00e9es \u00e0 entrer dans la propri\u00e9t\u00e9 sans l'accord du propri\u00e9taire.<\/p><p><strong>Politique en mati\u00e8re de tabac<br \/><\/strong>Notre sant\u00e9 et notre s\u00e9curit\u00e9, ainsi que celles de tous les invit\u00e9s, sont d'une importance primordiale, c'est pourquoi il est totalement interdit de fumer (y compris les E-Cigarettes) dans le Ta Marie's BnB. Notre propri\u00e9t\u00e9 est \u00e9quip\u00e9e des derniers d\u00e9tecteurs de fum\u00e9e et les clients qui ignorent cette politique seront expuls\u00e9s imm\u00e9diatement, sans aucune compensation financi\u00e8re. En outre, des frais de nettoyage de 300 \u20ac seront \u00e9galement factur\u00e9s. Les clients sont pri\u00e9s d'utiliser nos terrasses sur le toit, o\u00f9 des cendriers sont fournis.<\/p><p><strong>Politique relative aux bougies<br \/><\/strong>L'utilisation de bougies et\/ou de tout autre objet n\u00e9cessitant une flamme pr\u00e9sente un risque d'incendie et est donc totalement interdite au Ta Marie's BnB. Notre propri\u00e9t\u00e9 est \u00e9quip\u00e9e de la derni\u00e8re technologie en mati\u00e8re de d\u00e9tecteurs de fum\u00e9e et les clients qui ignorent cette politique seront expuls\u00e9s imm\u00e9diatement, sans aucune compensation mon\u00e9taire. Dans le cas o\u00f9 un invit\u00e9 provoque l'activation de notre syst\u00e8me de d\u00e9tection de fum\u00e9e, des frais de 250 \u20ac seront factur\u00e9s \u00e0 l'invit\u00e9.<\/p><p><strong>Animaux de compagnie<\/strong><br \/>Nous aimons tous les animaux de compagnie, mais la propri\u00e9t\u00e9 elle-m\u00eame n'est pas adapt\u00e9e aux animaux.<\/p><p><strong>Politique d'annulation<br \/><\/strong>Toutes les r\u00e9servations ne sont pas remboursables, nous vous recommandons donc de souscrire une assurance voyage adapt\u00e9e pour votre tranquillit\u00e9 d'esprit.<\/p><p><strong>Taxes<br \/><\/strong>La TVA de 7 % est incluse dans le prix de nos h\u00e9bergements.<br \/>La TVA de 18% est incluse dans tous les autres frais.<\/p><p><strong>Contribution des touristes<\/strong><br \/>0,50 \u20ac par personne, par nuit, plafonn\u00e9 \u00e0 5,00 \u20ac par personne et par s\u00e9jour continu. Payable au moment de la r\u00e9servation, en plus des frais d'h\u00e9bergement, et non soumis \u00e0 la TVA. Plus d'informations disponibles via ce <a href=\"http:\/\/tourism.gov.mt\/en\/Documents\/EC_WEB-PAGE_EN_FINAL%20copy.pdf\">lien.<\/a><\/p><p><strong>Transfert d'a\u00e9roport<\/strong><br \/>Nous pouvons organiser un chauffeur (avec une voiture priv\u00e9e) avec votre nom sur une pancarte attendant votre arriv\u00e9e \u00e0 l'a\u00e9roport, pour vous amener en toute s\u00e9curit\u00e9 et directement au terminal de passagers Cirkewwa \u00e0 Gozo ; nous viendrons vous chercher de ce c\u00f4t\u00e9. Il s'agit d'un service payant qui peut \u00eatre r\u00e9serv\u00e9 lors de la r\u00e9servation de votre chambre sur notre site Internet. Veuillez indiquer le num\u00e9ro de vol, l'heure d'arriv\u00e9e pr\u00e9vue et votre num\u00e9ro de t\u00e9l\u00e9phone portable (y compris l'indicatif du pays). Si vous pr\u00e9f\u00e9rez avoir une voiture de location et pr\u00e9f\u00e9rez conduire, veuillez suivre les instructions via ce <a href=\"https:\/\/www.google.com\/maps\/dir\/Malta+International+Airport\/Ta+Mari%C3%A8+Merhba,+0000,+Sqaq+Anton+Mallia+1+T%C3%A0+Mari%C3%A8+farmhousre+I%C5%BC-%C5%BBebbu%C4%A1+MT+ZBG,+1+Sqaq+Anton+Mallia,+%C5%BBebbu%C4%A1\/@35.9615848,14.2258903,11z\/data=!3m1!4b1!4m14!4m13!1m5!1m1!1s0x130e5a8552b04a6d:0xd6a6624d89d784a!2m2!1d14.4867114!2d35.8528531!1m5!1m1!1s0x130fb5a6f6ad9d7d:0x69e6bce5f7ad0840!2m2!1d14.2356393!2d36.0704793!3e0\">lien.<\/a><\/p><p><strong>Petit-d\u00e9jeuner<\/strong><br \/>Fonctionne tous les jours de 8h \u00e0 10h dans notre salle de petit-d\u00e9jeuner (disponible UNIQUEMENT si pay\u00e9 au moment de la r\u00e9servation), sachant que notre cuisine ferme \u00e0 10h. Pour les clients qui partent t\u00f4t et\/ou qui partent t\u00f4t en excursion, une option de petit-d\u00e9jeuner dans un sac est disponible sur demande. Pour les clients qui ont r\u00e9serv\u00e9 \"Chambre seulement\" <em>(hors petit-d\u00e9jeuner)<\/em>, une liste des lieux de petit-d\u00e9jeuner est disponible dans l'\u00e9tablissement.<\/p><p><strong>L'utilisation de la cuisine<br \/><\/strong>Nous fonctionnons comme un Bed &amp; Breakfast, qui n' est <u>pas <\/u>un logement ind\u00e9pendant.<br \/>L'utilisation de notre cuisine est donc strictement interdite. Des frais de nettoyage de 300 \u20ac seront factur\u00e9s dans le cas o\u00f9 un client choisirait d'ignorer cette politique. Notre studio est \u00e9quip\u00e9 d'un r\u00e9frig\u00e9rateur et d'un micro-ondes \u00e0 utiliser.<\/p><p><strong>Utilisation de la laverie<br \/><\/strong>Nous fonctionnons comme un Bed &amp; Breakfast, qui n' est <u>pas <\/u>un logement ind\u00e9pendant.<br \/>L'utilisation de notre blanchisserie est donc strictement interdite. Veuillez vous r\u00e9f\u00e9rer \u00e0 la brochure d'information dans votre chambre pour conna\u00eetre notre service de blanchisserie.<\/p><p><strong>Service de m\u00e9nage<br \/><\/strong>Le service fonctionne tous les jours (sauf le dimanche) de 10h00 \u00e0 14h00. Les chambres ne seront desservies pendant cette p\u00e9riode que si le panneau \"Make Up My Room\" a \u00e9t\u00e9 plac\u00e9 sur la poign\u00e9e de porte ext\u00e9rieure de la chambre avant 12h00.<\/p>\t\t\t\t\t\t\t\t<\/div>\n\t\t\t\t<\/div>\n\t\t\t\t\t<\/div>\n\t\t<\/div>\n\t\t\t\t\t<\/div>\n\t\t<\/section>\n\t\t\t\t<\/div>","protected":false},"excerpt":{"rendered":"<p>Terms &amp; Conditions All bookings must be paid in full upon time of booking. Check In14:00 onwards (Free luggage storage is available for early arrivals). Check OutBefore 10:00 Age Requirement PolicyGuests must be 21+ years of age, with Passport provided upon Check In. Children and\/or infants under the age of 18 are not permitted, under [&hellip;]<\/p>\n","protected":false},"author":2,"featured_media":0,"parent":0,"menu_order":0,"comment_status":"closed","ping_status":"closed","template":"","meta":{"nf_dc_page":"","site-sidebar-layout":"no-sidebar","site-content-layout":"page-builder","ast-site-content-layout":"default","site-content-style":"default","site-sidebar-style":"default","ast-global-header-display":"","ast-banner-title-visibility":"","ast-main-header-display":"","ast-hfb-above-header-display":"","ast-hfb-below-header-display":"","ast-hfb-mobile-header-display":"","site-post-title":"disabled","ast-breadcrumbs-content":"","ast-featured-img":"disabled","footer-sml-layout":"","ast-disable-related-posts":"","theme-transparent-header-meta":"enabled","adv-header-id-meta":"","stick-header-meta":"","header-above-stick-meta":"","header-main-stick-meta":"","header-below-stick-meta":"","astra-migrate-meta-layouts":"default","ast-page-background-enabled":"default","ast-page-background-meta":{"desktop":{"background-color":"","background-image":"","background-repeat":"repeat","background-position":"center center","background-size":"auto","background-attachment":"scroll","background-type":"","background-media":"","overlay-type":"","overlay-color":"","overlay-opacity":"","overlay-gradient":""},"tablet":{"background-color":"","background-image":"","background-repeat":"repeat","background-position":"center center","background-size":"auto","background-attachment":"scroll","background-type":"","background-media":"","overlay-type":"","overlay-color":"","overlay-opacity":"","overlay-gradient":""},"mobile":{"background-color":"","background-image":"","background-repeat":"repeat","background-position":"center center","background-size":"auto","background-attachment":"scroll","background-type":"","background-media":"","overlay-type":"","overlay-color":"","overlay-opacity":"","overlay-gradient":""}},"ast-content-background-meta":{"desktop":{"background-color":"var(--ast-global-color-5)","background-image":"","background-repeat":"repeat","background-position":"center center","background-size":"auto","background-attachment":"scroll","background-type":"","background-media":"","overlay-type":"","overlay-color":"","overlay-opacity":"","overlay-gradient":""},"tablet":{"background-color":"var(--ast-global-color-5)","background-image":"","background-repeat":"repeat","background-position":"center center","background-size":"auto","background-attachment":"scroll","background-type":"","background-media":"","overlay-type":"","overlay-color":"","overlay-opacity":"","overlay-gradient":""},"mobile":{"background-color":"var(--ast-global-color-5)","background-image":"","background-repeat":"repeat","background-position":"center center","background-size":"auto","background-attachment":"scroll","background-type":"","background-media":"","overlay-type":"","overlay-color":"","overlay-opacity":"","overlay-gradient":""}},"footnotes":""},"class_list":["post-1159","page","type-page","status-publish","hentry"],"_links":{"self":[{"href":"https:\/\/www.tamariemerhba.com\/fr\/wp-json\/wp\/v2\/pages\/1159","targetHints":{"allow":["GET"]}}],"collection":[{"href":"https:\/\/www.tamariemerhba.com\/fr\/wp-json\/wp\/v2\/pages"}],"about":[{"href":"https:\/\/www.tamariemerhba.com\/fr\/wp-json\/wp\/v2\/types\/page"}],"author":[{"embeddable":true,"href":"https:\/\/www.tamariemerhba.com\/fr\/wp-json\/wp\/v2\/users\/2"}],"replies":[{"embeddable":true,"href":"https:\/\/www.tamariemerhba.com\/fr\/wp-json\/wp\/v2\/comments?post=1159"}],"version-history":[{"count":5,"href":"https:\/\/www.tamariemerhba.com\/fr\/wp-json\/wp\/v2\/pages\/1159\/revisions"}],"predecessor-version":[{"id":1923,"href":"https:\/\/www.tamariemerhba.com\/fr\/wp-json\/wp\/v2\/pages\/1159\/revisions\/1923"}],"wp:attachment":[{"href":"https:\/\/www.tamariemerhba.com\/fr\/wp-json\/wp\/v2\/media?parent=1159"}],"curies":[{"name":"wp","href":"https:\/\/api.w.org\/{rel}","templated":true}]}}