{"id":2002,"date":"2021-05-14T14:41:07","date_gmt":"2021-05-14T13:41:07","guid":{"rendered":"https:\/\/www.tamariemerhba.com\/?page_id=2002"},"modified":"2021-05-14T14:45:16","modified_gmt":"2021-05-14T13:45:16","slug":"cookies","status":"publish","type":"page","link":"https:\/\/www.tamariemerhba.com\/de\/cookies\/","title":{"rendered":"Cookies"},"content":{"rendered":"<div data-elementor-type=\"wp-post\" data-elementor-id=\"2002\" class=\"elementor elementor-2002\" data-elementor-post-type=\"page\">\n\t\t\t\t\t\t<section class=\"elementor-section elementor-top-section elementor-element elementor-element-3906703 elementor-section-boxed elementor-section-height-default elementor-section-height-default\" data-id=\"3906703\" data-element_type=\"section\" data-e-type=\"section\" data-settings=\"{&quot;background_background&quot;:&quot;classic&quot;}\">\n\t\t\t\t\t\t\t<div class=\"elementor-background-overlay\"><\/div>\n\t\t\t\t\t\t\t<div class=\"elementor-container elementor-column-gap-default\">\n\t\t\t\t\t<div class=\"elementor-column elementor-col-33 elementor-top-column elementor-element elementor-element-5b80d24\" data-id=\"5b80d24\" data-element_type=\"column\" data-e-type=\"column\">\n\t\t\t<div class=\"elementor-widget-wrap\">\n\t\t\t\t\t\t\t<\/div>\n\t\t<\/div>\n\t\t\t\t<div class=\"elementor-column elementor-col-33 elementor-top-column elementor-element elementor-element-24c9f1f\" data-id=\"24c9f1f\" data-element_type=\"column\" data-e-type=\"column\">\n\t\t\t<div class=\"elementor-widget-wrap elementor-element-populated\">\n\t\t\t\t\t\t<div class=\"elementor-element elementor-element-a5e247a elementor-widget elementor-widget-heading\" data-id=\"a5e247a\" data-element_type=\"widget\" data-e-type=\"widget\" data-widget_type=\"heading.default\">\n\t\t\t\t<div class=\"elementor-widget-container\">\n\t\t\t\t\t<h2 class=\"elementor-heading-title elementor-size-default\">Cookie-Nachricht<\/h2>\t\t\t\t<\/div>\n\t\t\t\t<\/div>\n\t\t\t\t\t<\/div>\n\t\t<\/div>\n\t\t\t\t<div class=\"elementor-column elementor-col-33 elementor-top-column elementor-element elementor-element-9a08ab1\" data-id=\"9a08ab1\" data-element_type=\"column\" data-e-type=\"column\">\n\t\t\t<div class=\"elementor-widget-wrap\">\n\t\t\t\t\t\t\t<\/div>\n\t\t<\/div>\n\t\t\t\t\t<\/div>\n\t\t<\/section>\n\t\t\t\t<section class=\"elementor-section elementor-top-section elementor-element elementor-element-6814ac3 elementor-section-boxed elementor-section-height-default elementor-section-height-default\" data-id=\"6814ac3\" data-element_type=\"section\" data-e-type=\"section\">\n\t\t\t\t\t\t<div class=\"elementor-container elementor-column-gap-default\">\n\t\t\t\t\t<div class=\"elementor-column elementor-col-100 elementor-top-column elementor-element elementor-element-0b450f7\" data-id=\"0b450f7\" data-element_type=\"column\" data-e-type=\"column\">\n\t\t\t<div class=\"elementor-widget-wrap elementor-element-populated\">\n\t\t\t\t\t\t<div class=\"elementor-element elementor-element-e3b7761 elementor-widget elementor-widget-text-editor\" data-id=\"e3b7761\" data-element_type=\"widget\" data-e-type=\"widget\" data-widget_type=\"text-editor.default\">\n\t\t\t\t<div class=\"elementor-widget-container\">\n\t\t\t\t\t\t\t\t\t<div id=\"company-header-intro\" class=\"headerintro ccm-cookie-notice\"><div id=\"company__header-intro\" class=\"headerintro\"><div class=\"header-intro-container\"><div id=\"article-title\" class=\"header-intro\">\u00a0<\/div><\/div><\/div><\/div><div class=\"ccm-settings-link\"><div class=\"optanon-show-settings-popup-wrapper\"><div class=\"optanon-show-settings-button optanon-toggle-display\"><div class=\"optanon-show-settings-right\"><span style=\"font-size: 16px;\">Letzte \u00c4nderung: 26 Februar 2021<\/span><\/div><\/div><\/div><\/div><div class=\"content-top\"><div class=\"share-bar\"><div id=\"company__social-share-top\" class=\"custom-socialshare social-share-links\">\u00a0<\/div><\/div><div id=\"company__intro-copy\" class=\"introductionCopyPost introductioncopy\"><div class=\"introduction-copy\"><p class=\"page-intro-copy\">Diese Website verwendet Cookies, um die Benutzerfreundlichkeit zu verbessern und sicherzustellen, dass sie effektiv funktioniert.<\/p><\/div><\/div><\/div><div class=\"dcomparsys dcom-feature-par-rte\"><div class=\"customrichtext parbase section\"><div><div class=\"custom-rte\"><h4>Was ist ein Cookie?<\/h4><p>Ein Cookie ist eine kleine Textdatei, die von den Websites, die Sie besuchen, auf Ihrem Ger\u00e4t abgelegt wird. Cookies werden dann bei jedem weiteren Besuch an die Website oder an eine andere Webseite, die dieses Cookie erkennt, zur\u00fcckgeschickt. Cookies werden verwendet, um das Funktionieren der Website zu erm\u00f6glichen oder effizienter zu gestalten, sowie um den Eigent\u00fcmern der Website Informationen zur Verf\u00fcgung zu stellen. Solche Informationen k\u00f6nnen verwendet werden, um einen personalisierten und reaktionsschnelleren Service zu bieten. Bei den Cookies kann es sich entweder um First-Party-Cookies handeln, die von uns direkt auf Ihrem Ger\u00e4t gesetzt werden, oder um Third-Party-Cookies, die von einem Drittanbieter in unserem Namen gesetzt werden. Wann immer Sie diese Website nutzen, k\u00f6nnen Informationen durch die Verwendung von Cookies und anderen \u00e4hnlichen Technologien (z. B. Web-Beacons, Tags, Skripte, lokale Speicherung) gesammelt werden.<\/p><p>Dieser Cookie-Hinweis ist Teil unseres\u00a0<a href=\"https:\/\/www.tamariemerhba.com\/de\/privacy\/\" target=\"_blank\" rel=\"noopener\">Privatsph\u00e4re<\/a>\u00a0Erkl\u00e4rung. Weitere Informationen \u00fcber uns und dar\u00fcber, wie wir Besucherinformationen sch\u00fctzen, finden Sie in unserer\u00a0<a href=\"https:\/\/www.tamariemerhba.com\/de\/privacy\/\" target=\"_blank\" rel=\"noopener\">Privatsph\u00e4re<\/a>\u00a0Erkl\u00e4rung.<\/p><h4>Cookies, die wir verwenden k\u00f6nnen und warum<\/h4><p>Wenn wir Cookies auf unserer Website verwenden, k\u00f6nnen wir sie in eine der folgenden Kategorien einordnen:<\/p><ul><li>\"Strictly Necessary\"-Cookies sind f\u00fcr das Funktionieren der Website erforderlich und k\u00f6nnen in unseren Systemen nicht abgeschaltet werden. Sie werden in der Regel nur als Reaktion auf Aktionen von Ihnen gesetzt, die einer Anfrage nach Dienstleistungen gleichkommen, wie z. B. das Einstellen Ihrer Datenschutzeinstellungen, das Einloggen oder das Ausf\u00fcllen von Formularen.<\/li><li>\"Analyse- und Leistungs\"-Cookies erm\u00f6glichen uns die Verfolgung von Analysen durch Z\u00e4hlen von Besuchen und Verkehrsquellen, damit wir die Leistung unserer Website messen und verbessern k\u00f6nnen. Sie k\u00f6nnen von uns oder von Drittanbietern (z. B. Adobe, Akamai, Brightcove, Qualtrics) gesetzt werden, damit wir wissen, welche Seiten oder Videos am beliebtesten und am unbeliebtesten sind, und um zu sehen, wie sich Besucher auf der Website bewegen.<\/li><li>\"Funktionale\" Cookies erm\u00f6glichen es der Website, verbesserte Funktionalit\u00e4t und Personalisierung auf der Grundlage Ihrer Interaktion mit der Website bereitzustellen. Sie k\u00f6nnen von uns oder von Drittanbietern, wie z. B. Adobe, gesetzt werden, deren Dienste wir auf unseren Seiten hinzugef\u00fcgt haben.<\/li><li>\"Werbe- und Targeting\"-Cookies k\u00f6nnen \u00fcber unsere Website von unseren Werbepartnern, wie z. B. Adobe, gesetzt werden. Sie k\u00f6nnen von diesen Unternehmen verwendet werden, um ein Profil Ihrer Interessen zu erstellen und Ihnen relevante Werbung auf anderen Websites anzuzeigen.<\/li><li>\"Social Media\"-Cookies werden von Social-Media-Diensten (z. B. Twitter, LinkedIn, Facebook) gesetzt, die wir der Website hinzugef\u00fcgt haben, damit Sie unsere Inhalte mit Ihren Freunden und Netzwerken teilen k\u00f6nnen. Diese Cookies sind in der Lage, Ihren Browser \u00fcber andere Websites zu verfolgen und ein Profil Ihrer Interessen zu erstellen. Dies kann sich auf die Inhalte und Nachrichten auswirken, die Sie auf anderen von Ihnen besuchten Websites sehen.<\/li><\/ul><p>Um eine Liste der Cookies anzuzeigen, die von der Website verwendet werden, klicken Sie auf \"Cookie-Einstellungen verwalten\" oben in diesem Cookie-Hinweis.<\/p><h4>Wie lange bleiben die Cookies auf meinem Ger\u00e4t?<\/h4><p>Wie lange Cookies auf Ihrem Ger\u00e4t verbleiben, h\u00e4ngt davon ab, ob es sich um ein \"persistentes\" oder ein \"Session\"-Cookie handelt. Ein dauerhafter Cookie wird von einem Webbrowser gespeichert und bleibt bis zu seinem festgelegten Ablaufdatum g\u00fcltig, es sei denn, er wird von Ihnen vor dem Ablaufdatum gel\u00f6scht. Ein Sitzungs-Cookie hingegen l\u00e4uft am Ende Ihrer Web-Sitzung ab, wenn der Web-Browser geschlossen wird.<\/p><h4>How can I control cookies?<\/h4><p>Sie k\u00f6nnen Cookies auf verschiedene Weise kontrollieren und verwalten. Bitte bedenken Sie, dass das Entfernen oder Deaktivieren von Cookies Ihr Benutzererlebnis beeintr\u00e4chtigen kann und Teile dieser Website m\u00f6glicherweise nicht mehr voll funktionsf\u00e4hig sind.<\/p><p>Wo Cookies f\u00fcr die Bereitstellung unserer Website nicht unbedingt erforderlich sind, werden wir Sie beim ersten Besuch unserer Website um Ihre Zustimmung zur Verwendung von Cookies bitten. Die Zustimmung kann erteilt oder widerrufen werden, indem Sie auf \"Cookie-Einstellungen verwalten\" oben auf dieser Seite klicken.<\/p><p>M\u00f6glicherweise k\u00f6nnen Sie auch Ihre Browsereinstellungen \u00e4ndern, um Cookies zu verwalten und zu kontrollieren. Detaillierte Informationen dazu finden Sie unter\u00a0<a href=\"http:\/\/www.aboutcookies.org\/\" target=\"_blank\" rel=\"noopener\">http:\/\/www.aboutcookies.org\/<\/a>.<\/p><p>Jede Zustimmung zur Annahme oder Ablehnung von Cookies ist auf die Website beschr\u00e4nkt, f\u00fcr die dieser Cookie-Hinweis ver\u00f6ffentlicht wird, und nicht auf andere Websites oder andere Seiten, die mit unserer Website \u00fcber einen Hyperlink verbunden sein k\u00f6nnen. Weitere Informationen zu den von diesen Websites verwendeten Cookies finden Sie in den spezifischen Datenschutz- oder Cookie-Hinweisen auf diesen Websites.<\/p><h4>E-Mail-Kommunikation<\/h4><p>Wir k\u00f6nnen auch Tracking-Technologien verwenden, um festzustellen, ob Sie bestimmte E-Mail-Kommunikationen, die wir Ihnen senden, gelesen, angeklickt oder weitergeleitet haben, damit wir unsere Kommunikationen hilfreicher und interessanter gestalten k\u00f6nnen. Wenn Sie nicht m\u00f6chten, dass wir feststellen, ob Sie unsere Mitteilungen ge\u00f6ffnet, angeklickt oder weitergeleitet haben, m\u00fcssen Sie sich abmelden, da es uns nicht m\u00f6glich ist, diese E-Mails ohne aktiviertes Tracking zu versenden. Registrierte Abonnenten k\u00f6nnen ihre Kommunikationspr\u00e4ferenzen jederzeit aktualisieren, indem sie sich mit uns in Verbindung setzen, oder Sie k\u00f6nnen sich abmelden, indem Sie den Anweisungen in den einzelnen E-Mails folgen, die Sie von uns erhalten.<\/p><h4>\u00c4nderungen an diesem Cookie-Hinweis<\/h4><p>Wir k\u00f6nnen diesen Cookie-Hinweis von Zeit zu Zeit nach eigenem Ermessen \u00e4ndern oder erg\u00e4nzen. Wenn wir \u00c4nderungen an diesem Hinweis vornehmen, werden wir das Revisionsdatum oben auf dieser Seite \u00e4ndern, und dieser ge\u00e4nderte oder erg\u00e4nzte Cookie-Hinweis gilt f\u00fcr Sie und Ihre Daten ab dem Revisionsdatum.<\/p><p>Wir empfehlen Ihnen, diesen Cookie-Hinweis regelm\u00e4\u00dfig zu lesen, um sich \u00fcber die Verwendung von Cookies durch uns zu informieren.<\/p><\/div><\/div><\/div><\/div>\t\t\t\t\t\t\t\t<\/div>\n\t\t\t\t<\/div>\n\t\t\t\t\t<\/div>\n\t\t<\/div>\n\t\t\t\t\t<\/div>\n\t\t<\/section>\n\t\t\t\t<\/div>","protected":false},"excerpt":{"rendered":"<p>Cookie Notice \u00a0Last revised: 26 February 2021\u00a0 This Website uses cookies to improve the user experience and ensure that it is functioning effectively. What is a cookie? A cookie is a small text file placed on your device by the websites that you visit. Cookies are then sent back to the website on each subsequent [&hellip;]<\/p>\n","protected":false},"author":2,"featured_media":0,"parent":0,"menu_order":0,"comment_status":"closed","ping_status":"closed","template":"","meta":{"nf_dc_page":"","site-sidebar-layout":"no-sidebar","site-content-layout":"page-builder","ast-site-content-layout":"default","site-content-style":"default","site-sidebar-style":"default","ast-global-header-display":"","ast-banner-title-visibility":"","ast-main-header-display":"","ast-hfb-above-header-display":"","ast-hfb-below-header-display":"","ast-hfb-mobile-header-display":"","site-post-title":"disabled","ast-breadcrumbs-content":"","ast-featured-img":"disabled","footer-sml-layout":"","ast-disable-related-posts":"","theme-transparent-header-meta":"enabled","adv-header-id-meta":"","stick-header-meta":"","header-above-stick-meta":"","header-main-stick-meta":"","header-below-stick-meta":"","astra-migrate-meta-layouts":"default","ast-page-background-enabled":"default","ast-page-background-meta":{"desktop":{"background-color":"","background-image":"","background-repeat":"repeat","background-position":"center center","background-size":"auto","background-attachment":"scroll","background-type":"","background-media":"","overlay-type":"","overlay-color":"","overlay-opacity":"","overlay-gradient":""},"tablet":{"background-color":"","background-image":"","background-repeat":"repeat","background-position":"center center","background-size":"auto","background-attachment":"scroll","background-type":"","background-media":"","overlay-type":"","overlay-color":"","overlay-opacity":"","overlay-gradient":""},"mobile":{"background-color":"","background-image":"","background-repeat":"repeat","background-position":"center center","background-size":"auto","background-attachment":"scroll","background-type":"","background-media":"","overlay-type":"","overlay-color":"","overlay-opacity":"","overlay-gradient":""}},"ast-content-background-meta":{"desktop":{"background-color":"var(--ast-global-color-5)","background-image":"","background-repeat":"repeat","background-position":"center center","background-size":"auto","background-attachment":"scroll","background-type":"","background-media":"","overlay-type":"","overlay-color":"","overlay-opacity":"","overlay-gradient":""},"tablet":{"background-color":"var(--ast-global-color-5)","background-image":"","background-repeat":"repeat","background-position":"center center","background-size":"auto","background-attachment":"scroll","background-type":"","background-media":"","overlay-type":"","overlay-color":"","overlay-opacity":"","overlay-gradient":""},"mobile":{"background-color":"var(--ast-global-color-5)","background-image":"","background-repeat":"repeat","background-position":"center center","background-size":"auto","background-attachment":"scroll","background-type":"","background-media":"","overlay-type":"","overlay-color":"","overlay-opacity":"","overlay-gradient":""}},"footnotes":""},"class_list":["post-2002","page","type-page","status-publish","hentry"],"_links":{"self":[{"href":"https:\/\/www.tamariemerhba.com\/de\/wp-json\/wp\/v2\/pages\/2002","targetHints":{"allow":["GET"]}}],"collection":[{"href":"https:\/\/www.tamariemerhba.com\/de\/wp-json\/wp\/v2\/pages"}],"about":[{"href":"https:\/\/www.tamariemerhba.com\/de\/wp-json\/wp\/v2\/types\/page"}],"author":[{"embeddable":true,"href":"https:\/\/www.tamariemerhba.com\/de\/wp-json\/wp\/v2\/users\/2"}],"replies":[{"embeddable":true,"href":"https:\/\/www.tamariemerhba.com\/de\/wp-json\/wp\/v2\/comments?post=2002"}],"version-history":[{"count":4,"href":"https:\/\/www.tamariemerhba.com\/de\/wp-json\/wp\/v2\/pages\/2002\/revisions"}],"predecessor-version":[{"id":2006,"href":"https:\/\/www.tamariemerhba.com\/de\/wp-json\/wp\/v2\/pages\/2002\/revisions\/2006"}],"wp:attachment":[{"href":"https:\/\/www.tamariemerhba.com\/de\/wp-json\/wp\/v2\/media?parent=2002"}],"curies":[{"name":"wp","href":"https:\/\/api.w.org\/{rel}","templated":true}]}}