{"id":1260,"date":"2021-02-23T14:04:05","date_gmt":"2021-02-23T13:04:05","guid":{"rendered":"https:\/\/www.tamariemerhba.com\/?page_id=1260"},"modified":"2021-05-09T10:36:11","modified_gmt":"2021-05-09T09:36:11","slug":"gfr","status":"publish","type":"page","link":"https:\/\/www.tamariemerhba.com\/de\/gfr\/","title":{"rendered":"Gute Freunde Regeln"},"content":{"rendered":"<div data-elementor-type=\"wp-post\" data-elementor-id=\"1260\" class=\"elementor elementor-1260\" data-elementor-post-type=\"page\">\n\t\t\t\t\t\t<section class=\"elementor-section elementor-top-section elementor-element elementor-element-3906703 elementor-section-boxed elementor-section-height-default elementor-section-height-default\" data-id=\"3906703\" data-element_type=\"section\" data-e-type=\"section\" data-settings=\"{&quot;background_background&quot;:&quot;classic&quot;}\">\n\t\t\t\t\t\t\t<div class=\"elementor-background-overlay\"><\/div>\n\t\t\t\t\t\t\t<div class=\"elementor-container elementor-column-gap-default\">\n\t\t\t\t\t<div class=\"elementor-column elementor-col-33 elementor-top-column elementor-element elementor-element-5b80d24\" data-id=\"5b80d24\" data-element_type=\"column\" data-e-type=\"column\">\n\t\t\t<div class=\"elementor-widget-wrap\">\n\t\t\t\t\t\t\t<\/div>\n\t\t<\/div>\n\t\t\t\t<div class=\"elementor-column elementor-col-33 elementor-top-column elementor-element elementor-element-24c9f1f\" data-id=\"24c9f1f\" data-element_type=\"column\" data-e-type=\"column\">\n\t\t\t<div class=\"elementor-widget-wrap elementor-element-populated\">\n\t\t\t\t\t\t<div class=\"elementor-element elementor-element-a5e247a elementor-widget elementor-widget-heading\" data-id=\"a5e247a\" data-element_type=\"widget\" data-e-type=\"widget\" data-widget_type=\"heading.default\">\n\t\t\t\t<div class=\"elementor-widget-container\">\n\t\t\t\t\t<h2 class=\"elementor-heading-title elementor-size-default\">Gute Freunde<\/h2>\t\t\t\t<\/div>\n\t\t\t\t<\/div>\n\t\t\t\t\t<\/div>\n\t\t<\/div>\n\t\t\t\t<div class=\"elementor-column elementor-col-33 elementor-top-column elementor-element elementor-element-9a08ab1\" data-id=\"9a08ab1\" data-element_type=\"column\" data-e-type=\"column\">\n\t\t\t<div class=\"elementor-widget-wrap\">\n\t\t\t\t\t\t\t<\/div>\n\t\t<\/div>\n\t\t\t\t\t<\/div>\n\t\t<\/section>\n\t\t\t\t<section class=\"elementor-section elementor-top-section elementor-element elementor-element-6814ac3 elementor-section-boxed elementor-section-height-default elementor-section-height-default\" data-id=\"6814ac3\" data-element_type=\"section\" data-e-type=\"section\">\n\t\t\t\t\t\t<div class=\"elementor-container elementor-column-gap-default\">\n\t\t\t\t\t<div class=\"elementor-column elementor-col-100 elementor-top-column elementor-element elementor-element-0b450f7\" data-id=\"0b450f7\" data-element_type=\"column\" data-e-type=\"column\">\n\t\t\t<div class=\"elementor-widget-wrap elementor-element-populated\">\n\t\t\t\t\t\t<div class=\"elementor-element elementor-element-e3b7761 elementor-widget elementor-widget-text-editor\" data-id=\"e3b7761\" data-element_type=\"widget\" data-e-type=\"widget\" data-widget_type=\"text-editor.default\">\n\t\t\t\t<div class=\"elementor-widget-container\">\n\t\t\t\t\t\t\t\t\t<p>Liebe G\u00e4ste,<\/p><p>W\u00e4hrend wir Sie (wieder) willkommen hei\u00dfen, bleiben wir verpflichtet, Ihnen eine sichere Umgebung zu bieten, damit Sie Ihren Urlaub in vollen Z\u00fcgen genie\u00dfen k\u00f6nnen. Es ist an der Zeit, dass Sie sich zu unserem Gast in einem \"<strong>Archipel von Philoxenia<\/strong>\". Lassen Sie uns Ihr Gastgeber sein. Ihr Zuhause fernab der Heimat <strong>Mer\u0127ba at Ta Marie!<\/strong><\/p><p>Bei Ihrer Ankunft nehmen wir uns etwas Zeit, um uns gegenseitig kennen zu lernen und Ihnen unsere Gastgeber Ihres Ferienhauses vorzustellen. Ein einleitendes Gespr\u00e4ch begleitet von einem <strong>k\u00fchler und frischer Willkommens-Mocktail und kleine <\/strong><strong>amuse-bouche<\/strong>w\u00e4hrend wir daf\u00fcr sorgen, dass Ihr Gep\u00e4ck auf Ihre Zimmer gebracht wird.<\/p><p><strong>Zuhause ist der Ort, an dem sich Ihr Wi-Fi automatisch verbindet.<\/strong><\/p><p>WiFi ist in allen unseren Zimmern verf\u00fcgbar und der Zugang ist kostenlos; Sie sind auch in der Lage, auf die Fernseher in Ihren Zimmern zu werfen; Sie sollten nur Ihre Login-Daten anfordern m\u00fcssen. Apropos Details, wir m\u00fcssen eine Aufzeichnung (Unterkunftsdatei und Veranstaltungsbuch) sowohl von Mitarbeitern als auch von G\u00e4sten f\u00fchren (Nachname, Name, Nationalit\u00e4t, An- und Abreisedatum, Kontaktdaten wie Adresse, Telefonnummer, E-Mail), damit wir Sie im Nachhinein, im Falle eines identifizierten Covid-19-Falles, kontaktieren k\u00f6nnen, immer unter Einhaltung der GDPR-Richtlinien.<\/p><p><strong>Gl\u00fcck ist Sand zwischen den Zehen und ein Sonnenbrand auf der Nase.<\/strong><\/p><p>Um zu vermeiden, dass sich Sand in Ihrem Zimmer befindet, wurde unser Reinigungsservice t\u00e4glich von 10 bis 12 Uhr angeboten<strong>.<\/strong> abgesehen von Sonntagen. Saubere Bettw\u00e4sche und Handt\u00fccher werden zweimal pro Woche nach unserer umweltfreundlichen Politik zur Verf\u00fcgung gestellt, um sicherzustellen, dass die G\u00e4ste nicht im Zimmer anwesend sind. F\u00fchlen Sie sich frei, uns f\u00fcr zus\u00e4tzliche saubere Bettw\u00e4sche \/ Handt\u00fccher oder Reinigungsservice zu fragen, wenn Sie ben\u00f6tigen. W\u00e4sche- und B\u00fcgelservice wurde fr\u00fcher auf Anfrage angeboten: H\u00e4ndedesinfektionsmittel finden Sie in Ihrem Zimmer und in den Gemeinschaftsbereichen zur kostenlosen pers\u00f6nlichen Nutzung. Alle Oberfl\u00e4chen werden ebenfalls t\u00e4glich desinfiziert.<\/p><p><strong>Gr\u00fcne Initiative.<\/strong><\/p><p>Die Erf\u00fcllung Ihrer Bed\u00fcrfnisse ist unsere Priorit\u00e4t. Das zu erreichen und unserer Umwelt zu dienen, ist eine Auszeichnung, auf die wir alle sehr stolz sind. Wenn Sie also das Gef\u00fchl haben, dass der Wechsel von Bettw\u00e4sche oder Handt\u00fcchern unn\u00f6tig ist, legen Sie bitte morgens die Karte auf Ihr Bett oder h\u00e4ngen Sie Ihre Handt\u00fccher an den St\u00e4nder. Wenn nicht, lassen Sie sie im Waschbecken des Bades liegen. Sie treffen die Wahl. Sie machen den Unterschied<\/p><p><strong>Guter Schlaf tut der Seele gut und belohnt den K\u00f6rper. <\/strong><\/p><p>H\u00e4ngen Sie einfach \"Bitte nicht st\u00f6ren\" an die T\u00fcr und wir lassen Sie unsere bequemen Betten noch ein bisschen genie\u00dfen.<\/p><p><strong>\u00d6ffnen Sie die Fenster und atmen Sie die salzige Luft.<\/strong><\/p><p>Falls Sie etwas frische k\u00fchle Luft im Raum ben\u00f6tigen, achten Sie darauf, dass Sie beide Schiebet\u00fcren und Fenster fest schlie\u00dfen, sonst bleibt die Klimaanlage ausgeschaltet.\u00a0 Die Fernbedienung der Klimaanlage sollte im Sommer immer eine Schneeflocke und eine Temperatur zwischen 18 - 25 C anzeigen. Planen Sie 5 Minuten f\u00fcr den vollen Betrieb ein und lassen Sie sich bei eventuellen Unannehmlichkeiten von uns helfen. Achten Sie auf die Zeitschaltuhr!<\/p><p><strong>In der Sonne leben. Schwimmen Sie im Meer. Trinken Sie die wilde Luft.<\/strong><\/p><p>Das Leitungswasser in Gozo ist trinkbar, aber es gibt einen Wasserbrunnen f\u00fcr unsere G\u00e4ste. Ein k\u00fchles Wasser in Flaschen wird Ihnen bei Ihrer Ankunft zur Begr\u00fc\u00dfung angeboten. Wasser ist Leben, aber es ist auch kostbar. Aufgrund der geringen Wasserreserven der Insel, besonders w\u00e4hrend der Hochsommersaison, rufen wir Bewohner und Besucher auf, einen \u00fcberm\u00e4\u00dfigen und unn\u00f6tigen Gebrauch des Wassers zu vermeiden. Wir danken Ihnen f\u00fcr Ihr Verst\u00e4ndnis und Ihre Mithilfe.<\/p><p><strong>Jage die Sonne und die Sonne wird dich zur\u00fcckjagen.<\/strong><\/p><p>Von der Sonne gek\u00fcsst, k\u00f6nnten Sie unsere bequemen Betten noch mehr genie\u00dfen, aber wir w\u00fcrden uns freuen, wenn Sie es vermeiden, darauf zu liegen, w\u00e4hrend Sie noch Ihren Sonnenschutz aufhaben. Sonnenschutzmittel sind zwar wasserfest, aber unsere Bettw\u00e4sche und Handt\u00fccher k\u00f6nnen ihnen leider nicht widerstehen!<\/p><p><strong>Ich habe mir ein Strandtuch am Meer besorgt.<\/strong><\/p><p>Jedes Zimmer ist mit Strandt\u00fcchern zum Mitnehmen ausgestattet.<\/p><p><strong>Regen, Regen, geh weg. Komm an einem anderen Tag wieder.<\/strong><\/p><p>F\u00fcr den Fall, dass es w\u00e4hrend Ihres Aufenthaltes einmal regnet, ist jedes Zimmer mit einem Regenschirm ausgestattet.<\/p><p><strong>Zwischen den Seiten eines Buches ist ein sch\u00f6ner Ort zu sein.<\/strong><\/p><p>Voller Sommererinnerungen. Nehmen Sie Ihr Buch in die Hand - oder lassen Sie es liegen - und lesen Sie es am Meer. Achten Sie nur auf den Sand zwischen den Seiten... Manchmal sind Sommererinnerungen auch sandig!<\/p><p><strong>Halten Sie das Kind in sich lebendig?<\/strong><\/p><p>Oder neben Ihnen? Dann wartet eine Spielzeugkiste voller Brettspiele, Puzzles, Skizzenb\u00fccher, Malb\u00fccher, Marker und Buntstifte auf Sie -oder unsere kleinen G\u00e4ste- zum Genie\u00dfen.<\/p><p><strong>Eine Reise wird am besten in Freunden gemessen, nicht in Meilen.<\/strong><\/p><p>Aber Meilen trennen unsere Zimmer nicht. Um sich mit den G\u00e4sten neben Ihnen anzufreunden, bitten wir Sie daher, sich diskret und leise zu verhalten, um die Ruhe und Entspannung unserer G\u00e4ste w\u00e4hrend ihres Aufenthaltes zu gew\u00e4hrleisten.<\/p><p>Gastfreundschaft verk\u00f6rpert die F\u00fcrsorge, Freundlichkeit und R\u00fccksichtnahme, die ein Gastgeber gegen\u00fcber seinen G\u00e4sten zeigen sollte. Aus diesem Grund sind bei einem Aufenthalt in Ta Marie alle Lichter auf Sie gerichtet. Bitte machen Sie es mit der Beleuchtung Ihres Zimmers nicht genauso; \u00fcberpr\u00fcfen Sie es einfach, bevor Sie abreisen oder sich in den leichten Schlaf begeben. Schlafen Sie gut<\/p><p>Tun Sie etwas f\u00fcr die Umwelt und helfen Sie uns, Plastik, Glas oder Papier zu reduzieren, wiederzuverwenden und zu recyceln. Sie k\u00f6nnten Recycling-Beh\u00e4lter in Ihrem Zimmer finden, oder neben dem Kaffee\/Tee und der offenen Bibliothek. Vielen Dank f\u00fcr Ihre Teilnahme an den Initiativen, die der Umwelt besser dienen.<\/p><p><strong>Herzlichen Gl\u00fcckwunsch, dass Sie mit dem Rauchen aufgeh\u00f6rt haben;<\/strong><\/p><p>zumindest innerhalb unserer Zimmer. Das Rauchen ist in den Zimmern\/Gel\u00e4nden nicht erlaubt, aber Sie k\u00f6nnen auf den Balkonen und auf dem Au\u00dfengel\u00e4nde rauchen, wenn Sie das m\u00f6chten.<\/p><p><strong>Essen ern\u00e4hrt die Seele.<\/strong><\/p><p>In dem Ma\u00dfe, in dem wir alle Nahrung zu uns nehmen und wir alle eine Seele haben, ist Nahrung das einzige gro\u00dfe verbindende Element zwischen den Kulturen. Aber was w\u00fcrde uns ern\u00e4hren <em>Ihre <\/em>Insel-Seele? Fragen Sie nach unseren Empfehlungen und wir helfen Ihnen gerne bei der Reservierung.<\/p><p><strong>Ist Ihr Abreisedatum eingetroffen?<\/strong><\/p><p>Wir verstehen sehr gut, dass Sie gerne etwas l\u00e4nger bleiben w\u00fcrden, aber bitte bedenken Sie, dass die Check-out-Zeit zwischen 07.00 - 11.00 Uhr und die Check-in-Zeit ab 15.00 Uhr ist. Wir w\u00fcrden uns freuen, Sie wieder bei uns begr\u00fc\u00dfen zu d\u00fcrfen! Bitte fragen Sie uns nach einem sp\u00e4ten Check-out, immer nach Verf\u00fcgbarkeit.<\/p><p>Ihre Quittung wird Ihnen am Abreisetag ausgestellt. F\u00fcr eventuelle R\u00fcckfragen stehen wir Ihnen gerne zur Verf\u00fcgung.<\/p><p>F\u00fcr den Fall eines Verdachtsfalls steht im ersten Stock, neben dem Kaffee-\/Teebereich, ein speziell ausgestatteter Verbandskasten mit Einweghandschuhen und Einweggesichtsmasken, Antiseptika, Desinfektionst\u00fcchern, lang\u00e4rmeligem Einwegmantel, Infrarotthermometer zur Verf\u00fcgung.<\/p><p>Genie\u00dfen Sie Ihren Aufenthalt, bleiben Sie sicher und mit sonnigen Gr\u00fc\u00dfen,<\/p><p>Ihr Ta Marie-Team<\/p>\t\t\t\t\t\t\t\t<\/div>\n\t\t\t\t<\/div>\n\t\t\t\t\t<\/div>\n\t\t<\/div>\n\t\t\t\t\t<\/div>\n\t\t<\/section>\n\t\t\t\t<\/div>","protected":false},"excerpt":{"rendered":"<p>Good friends Dear guests, As we welcome you (back), we remain committed to providing you with a safe environment to enjoy your holidays to the fullest. It is time you let yourself become our guest in an \u201carchipelago of philoxenia\u201d. Let us be your host. Home away from home. Mer\u0127ba at Ta Marie! Upon your [&hellip;]<\/p>\n","protected":false},"author":2,"featured_media":0,"parent":0,"menu_order":0,"comment_status":"closed","ping_status":"closed","template":"","meta":{"nf_dc_page":"","site-sidebar-layout":"no-sidebar","site-content-layout":"page-builder","ast-site-content-layout":"default","site-content-style":"default","site-sidebar-style":"default","ast-global-header-display":"","ast-banner-title-visibility":"","ast-main-header-display":"","ast-hfb-above-header-display":"","ast-hfb-below-header-display":"","ast-hfb-mobile-header-display":"","site-post-title":"disabled","ast-breadcrumbs-content":"","ast-featured-img":"disabled","footer-sml-layout":"","ast-disable-related-posts":"","theme-transparent-header-meta":"enabled","adv-header-id-meta":"","stick-header-meta":"","header-above-stick-meta":"","header-main-stick-meta":"","header-below-stick-meta":"","astra-migrate-meta-layouts":"default","ast-page-background-enabled":"default","ast-page-background-meta":{"desktop":{"background-color":"","background-image":"","background-repeat":"repeat","background-position":"center center","background-size":"auto","background-attachment":"scroll","background-type":"","background-media":"","overlay-type":"","overlay-color":"","overlay-opacity":"","overlay-gradient":""},"tablet":{"background-color":"","background-image":"","background-repeat":"repeat","background-position":"center center","background-size":"auto","background-attachment":"scroll","background-type":"","background-media":"","overlay-type":"","overlay-color":"","overlay-opacity":"","overlay-gradient":""},"mobile":{"background-color":"","background-image":"","background-repeat":"repeat","background-position":"center center","background-size":"auto","background-attachment":"scroll","background-type":"","background-media":"","overlay-type":"","overlay-color":"","overlay-opacity":"","overlay-gradient":""}},"ast-content-background-meta":{"desktop":{"background-color":"var(--ast-global-color-5)","background-image":"","background-repeat":"repeat","background-position":"center center","background-size":"auto","background-attachment":"scroll","background-type":"","background-media":"","overlay-type":"","overlay-color":"","overlay-opacity":"","overlay-gradient":""},"tablet":{"background-color":"var(--ast-global-color-5)","background-image":"","background-repeat":"repeat","background-position":"center center","background-size":"auto","background-attachment":"scroll","background-type":"","background-media":"","overlay-type":"","overlay-color":"","overlay-opacity":"","overlay-gradient":""},"mobile":{"background-color":"var(--ast-global-color-5)","background-image":"","background-repeat":"repeat","background-position":"center center","background-size":"auto","background-attachment":"scroll","background-type":"","background-media":"","overlay-type":"","overlay-color":"","overlay-opacity":"","overlay-gradient":""}},"footnotes":""},"class_list":["post-1260","page","type-page","status-publish","hentry"],"_links":{"self":[{"href":"https:\/\/www.tamariemerhba.com\/de\/wp-json\/wp\/v2\/pages\/1260","targetHints":{"allow":["GET"]}}],"collection":[{"href":"https:\/\/www.tamariemerhba.com\/de\/wp-json\/wp\/v2\/pages"}],"about":[{"href":"https:\/\/www.tamariemerhba.com\/de\/wp-json\/wp\/v2\/types\/page"}],"author":[{"embeddable":true,"href":"https:\/\/www.tamariemerhba.com\/de\/wp-json\/wp\/v2\/users\/2"}],"replies":[{"embeddable":true,"href":"https:\/\/www.tamariemerhba.com\/de\/wp-json\/wp\/v2\/comments?post=1260"}],"version-history":[{"count":5,"href":"https:\/\/www.tamariemerhba.com\/de\/wp-json\/wp\/v2\/pages\/1260\/revisions"}],"predecessor-version":[{"id":1900,"href":"https:\/\/www.tamariemerhba.com\/de\/wp-json\/wp\/v2\/pages\/1260\/revisions\/1900"}],"wp:attachment":[{"href":"https:\/\/www.tamariemerhba.com\/de\/wp-json\/wp\/v2\/media?parent=1260"}],"curies":[{"name":"wp","href":"https:\/\/api.w.org\/{rel}","templated":true}]}}