{"id":1188,"date":"2021-02-22T14:00:55","date_gmt":"2021-02-22T13:00:55","guid":{"rendered":"https:\/\/www.tamariemerhba.com\/?page_id=1188"},"modified":"2021-05-14T16:48:30","modified_gmt":"2021-05-14T15:48:30","slug":"faqs","status":"publish","type":"page","link":"https:\/\/www.tamariemerhba.com\/de\/faqs\/","title":{"rendered":"FAQs"},"content":{"rendered":"<div data-elementor-type=\"wp-post\" data-elementor-id=\"1188\" class=\"elementor elementor-1188\" data-elementor-post-type=\"page\">\n\t\t\t\t\t\t<section class=\"elementor-section elementor-top-section elementor-element elementor-element-3906703 elementor-section-boxed elementor-section-height-default elementor-section-height-default\" data-id=\"3906703\" data-element_type=\"section\" data-e-type=\"section\" data-settings=\"{&quot;background_background&quot;:&quot;classic&quot;}\">\n\t\t\t\t\t\t\t<div class=\"elementor-background-overlay\"><\/div>\n\t\t\t\t\t\t\t<div class=\"elementor-container elementor-column-gap-default\">\n\t\t\t\t\t<div class=\"elementor-column elementor-col-33 elementor-top-column elementor-element elementor-element-5b80d24\" data-id=\"5b80d24\" data-element_type=\"column\" data-e-type=\"column\">\n\t\t\t<div class=\"elementor-widget-wrap\">\n\t\t\t\t\t\t\t<\/div>\n\t\t<\/div>\n\t\t\t\t<div class=\"elementor-column elementor-col-33 elementor-top-column elementor-element elementor-element-24c9f1f\" data-id=\"24c9f1f\" data-element_type=\"column\" data-e-type=\"column\">\n\t\t\t<div class=\"elementor-widget-wrap elementor-element-populated\">\n\t\t\t\t\t\t<div class=\"elementor-element elementor-element-a5e247a elementor-widget elementor-widget-heading\" data-id=\"a5e247a\" data-element_type=\"widget\" data-e-type=\"widget\" data-widget_type=\"heading.default\">\n\t\t\t\t<div class=\"elementor-widget-container\">\n\t\t\t\t\t<h2 class=\"elementor-heading-title elementor-size-default\">Frequently asked questions<\/h2>\t\t\t\t<\/div>\n\t\t\t\t<\/div>\n\t\t\t\t\t<\/div>\n\t\t<\/div>\n\t\t\t\t<div class=\"elementor-column elementor-col-33 elementor-top-column elementor-element elementor-element-9a08ab1\" data-id=\"9a08ab1\" data-element_type=\"column\" data-e-type=\"column\">\n\t\t\t<div class=\"elementor-widget-wrap\">\n\t\t\t\t\t\t\t<\/div>\n\t\t<\/div>\n\t\t\t\t\t<\/div>\n\t\t<\/section>\n\t\t\t\t<section class=\"elementor-section elementor-top-section elementor-element elementor-element-6814ac3 elementor-section-boxed elementor-section-height-default elementor-section-height-default\" data-id=\"6814ac3\" data-element_type=\"section\" data-e-type=\"section\">\n\t\t\t\t\t\t<div class=\"elementor-container elementor-column-gap-default\">\n\t\t\t\t\t<div class=\"elementor-column elementor-col-100 elementor-top-column elementor-element elementor-element-0b450f7\" data-id=\"0b450f7\" data-element_type=\"column\" data-e-type=\"column\">\n\t\t\t<div class=\"elementor-widget-wrap elementor-element-populated\">\n\t\t\t\t\t\t<div class=\"elementor-element elementor-element-e3b7761 elementor-widget elementor-widget-text-editor\" data-id=\"e3b7761\" data-element_type=\"widget\" data-e-type=\"widget\" data-widget_type=\"text-editor.default\">\n\t\t\t\t<div class=\"elementor-widget-container\">\n\t\t\t\t\t\t\t\t\t<p><strong>H\u00e4ufig gestellte Fragen<\/strong><\/p><p>Die meisten h\u00e4ufig gestellten Fragen k\u00f6nnen \u00fcber diese Liste unten schnell beantwortet werden. Sollten Sie ben\u00f6tigen <a href=\"https:\/\/www.tamariemerhba.com\/de\/contact\/\">kontaktieren Sie uns<\/a> mit einer speziellen Frage, die nicht in der Liste enthalten ist, dann mailen Sie uns bitte.<\/p><p><strong>Ich habe einen fr\u00fchen Flug. Um wie viel Uhr kann ich fr\u00fchestens einchecken?<\/strong><\/p><p>Unsere normale Check-in-Zeit ist ab 14 Uhr. Wenn Sie einen fr\u00fchen Flug haben, sind Sie mehr als willkommen, direkt zu Ta Marie's BnB zu kommen. Wir werden Ihre Taschen in der Lagerung, bis Ihr Zimmer bereit ist, wenn es nicht bereits verf\u00fcgbar ist. F\u00fcr den Fall, dass das Zimmer bei Ihrer Ankunft fertig ist, k\u00f6nnen Sie das Zimmer jedoch sofort beziehen.<\/p><p><strong>Wann kann ich sp\u00e4testens auschecken?<\/strong><\/p><p>Unsere normale Check-out-Zeit ist vor 10 Uhr. Allerdings, in einigen F\u00e4llen, wenn wir nicht ein Gast ankommen bis sp\u00e4ter am Nachmittag dann eine sp\u00e4tere Check-out ist m\u00f6glich, bis sp\u00e4testens 11.30 Uhr. Unser Zimmerm\u00e4dchen muss alle Zimmer bis 13.00 Uhr gereinigt haben, um die Neuank\u00f6mmlinge des Tages zu ber\u00fccksichtigen. Sollten Sie Ihr Gep\u00e4ck vor Ihrem Flug irgendwo abstellen m\u00fcssen, sind wir gerne bereit, Ihr Gep\u00e4ck bis zu Ihrer Abreise sp\u00e4ter am Tag im Lagerbereich unterzubringen.<\/p><p><strong>Fallen bei einem sp\u00e4ten Check-Out zus\u00e4tzliche Geb\u00fchren an?\u00a0<\/strong><\/p><p>Es gibt keine zus\u00e4tzlichen Geb\u00fchren f\u00fcr einen sp\u00e4ten Check-Out, sofern er nicht l\u00e4nger als 11 Uhr dauert. F\u00fcr jede weitere Stunde wird eine Geb\u00fchr von 20 \u20ac erhoben. Ihre Gastgeber werden Sie informieren, ob dies \u00fcberhaupt m\u00f6glich ist.<\/p><p><strong>Ist Ihre Immobilie haustierfreundlich?<\/strong><\/p><p>Nein. Haustiere von G\u00e4sten sind nicht erlaubt.<strong>\u00a0<\/strong><\/p><p><strong>Wie weit ist Ta Marie's BnB vom Flughafen entfernt?<\/strong><\/p><p>Ta Marie's BnB ist nur 45 - 60 Minuten mit dem Auto vom internationalen Flughafen Malta entfernt, abh\u00e4ngig vom F\u00e4hrenfahrplan nach Gozo. Wir empfehlen, 30 Minuten f\u00fcr jede Abholzeit zum Flughafen zu erlauben, um f\u00fcr Verkehrsstaus, wenn \u00fcberhaupt.<\/p><p><strong>Gibt es gute lokale Restaurants und Bars in der N\u00e4he von Ta Marie's BnB?<\/strong><\/p><p>Gozo ist eine kleine Insel mit vielen verschiedenen Restaurants und Bars. Allerdings ist das Nachtleben, wie es in den gro\u00dfen St\u00e4dten bekannt ist, nicht direkt vorhanden. Bars und Restaurants sind in jedem Dorf zu finden und oft auch in verschiedenen K\u00fcchen verf\u00fcgbar. Unsere Gastgeber helfen Ihnen gerne, die richtige K\u00fcche, das richtige Essen oder die richtige Veranstaltung f\u00fcr Ihren Aufenthalt zu finden.<\/p><p><strong>Gibt es einen Friseur in der N\u00e4he?<\/strong><\/p><p>Ja, es gibt einen guten Friseur in Zebbug, der nur 5 Gehminuten entfernt ist. Viele andere Friseure gibt es auch in jeder Stadt und nat\u00fcrlich auch in Victoria. Wir helfen Ihnen gerne, den richtigen Ort f\u00fcr die von Ihnen gew\u00fcnschten Dienstleistungen zu finden, sei es Spa, Friseur oder Nagelstudio.<\/p><p><strong>Ich habe eine Lebensmittelallergie. K\u00f6nnen Sie beim Fr\u00fchst\u00fcck auf meine Bed\u00fcrfnisse eingehen?<\/strong><\/p><p>Ta Marie ermutigt Sie, eventuelle Lebensmittelunvertr\u00e4glichkeiten im Voraus per E-Mail mitzuteilen, und sie wird auf jeden Fall daf\u00fcr sorgen, dass Sie w\u00e4hrend Ihres Aufenthalts gut betreut werden.<\/p><p><strong>Wann gibt es Fr\u00fchst\u00fcck?<\/strong><\/p><p>Wir servieren t\u00e4glich zwischen 8 Uhr und 10 Uhr Fr\u00fchst\u00fcck. Allerdings, wenn Sie eine fr\u00fche Tour oder Abflug haben, dann bereiten Sie ein <em>Fr\u00fchst\u00fcck in der Tasche <\/em>zum Mitnehmen. F\u00fcr G\u00e4ste, die \"Room Only\" gebucht haben <em>(ohne Fr\u00fchst\u00fcck)<\/em>k\u00f6nnen wir Ihnen eine Liste von Fr\u00fchst\u00fcckslokalen auf der Insel in der N\u00e4he zur Verf\u00fcgung stellen.<\/p><p><strong>Gibt es einen Zimmerservice?\u00a0<\/strong><\/p><p>Es gibt viele hochwertige Caf\u00e9s und Restaurants in der N\u00e4he f\u00fcr das Mittagessen oder Abendessen. Wir bieten auch die M\u00f6glichkeit, Mezze oder Tapas, einige Cocktails und Getr\u00e4nke und 2 mal pro Woche sind die Schaffung Tisch d'h\u00f4te auf unserem Dach f\u00fcr diejenigen, die in essen m\u00f6chten.<\/p><p><strong>Wo k\u00f6nnen wir unser Mietauto parken?<\/strong><\/p><p>Es gibt viele KOSTENLOSE Parkpl\u00e4tze auf der Stra\u00dfe, die alle innerhalb von 1 Minute zu Fu\u00df von unserer Haust\u00fcr entfernt sind. Parken Sie einfach innerhalb der wei\u00dfen Linien.<\/p>\t\t\t\t\t\t\t\t<\/div>\n\t\t\t\t<\/div>\n\t\t\t\t\t<\/div>\n\t\t<\/div>\n\t\t\t\t\t<\/div>\n\t\t<\/section>\n\t\t\t\t<\/div>","protected":false},"excerpt":{"rendered":"<p>Frequently asked questions Frequently Asked Questions Most frequently asked questions can be answered quickly via this list below. Should you need to contact us with a specific question not present on the list then please email us. I have an early flight, what time is the earliest I can Check- In? Our normal check in [&hellip;]<\/p>\n","protected":false},"author":2,"featured_media":0,"parent":0,"menu_order":0,"comment_status":"closed","ping_status":"closed","template":"","meta":{"nf_dc_page":"","site-sidebar-layout":"no-sidebar","site-content-layout":"page-builder","ast-site-content-layout":"default","site-content-style":"default","site-sidebar-style":"default","ast-global-header-display":"","ast-banner-title-visibility":"","ast-main-header-display":"","ast-hfb-above-header-display":"","ast-hfb-below-header-display":"","ast-hfb-mobile-header-display":"","site-post-title":"disabled","ast-breadcrumbs-content":"","ast-featured-img":"disabled","footer-sml-layout":"","ast-disable-related-posts":"","theme-transparent-header-meta":"enabled","adv-header-id-meta":"","stick-header-meta":"","header-above-stick-meta":"","header-main-stick-meta":"","header-below-stick-meta":"","astra-migrate-meta-layouts":"default","ast-page-background-enabled":"default","ast-page-background-meta":{"desktop":{"background-color":"","background-image":"","background-repeat":"repeat","background-position":"center center","background-size":"auto","background-attachment":"scroll","background-type":"","background-media":"","overlay-type":"","overlay-color":"","overlay-opacity":"","overlay-gradient":""},"tablet":{"background-color":"","background-image":"","background-repeat":"repeat","background-position":"center center","background-size":"auto","background-attachment":"scroll","background-type":"","background-media":"","overlay-type":"","overlay-color":"","overlay-opacity":"","overlay-gradient":""},"mobile":{"background-color":"","background-image":"","background-repeat":"repeat","background-position":"center center","background-size":"auto","background-attachment":"scroll","background-type":"","background-media":"","overlay-type":"","overlay-color":"","overlay-opacity":"","overlay-gradient":""}},"ast-content-background-meta":{"desktop":{"background-color":"var(--ast-global-color-5)","background-image":"","background-repeat":"repeat","background-position":"center center","background-size":"auto","background-attachment":"scroll","background-type":"","background-media":"","overlay-type":"","overlay-color":"","overlay-opacity":"","overlay-gradient":""},"tablet":{"background-color":"var(--ast-global-color-5)","background-image":"","background-repeat":"repeat","background-position":"center center","background-size":"auto","background-attachment":"scroll","background-type":"","background-media":"","overlay-type":"","overlay-color":"","overlay-opacity":"","overlay-gradient":""},"mobile":{"background-color":"var(--ast-global-color-5)","background-image":"","background-repeat":"repeat","background-position":"center center","background-size":"auto","background-attachment":"scroll","background-type":"","background-media":"","overlay-type":"","overlay-color":"","overlay-opacity":"","overlay-gradient":""}},"footnotes":""},"class_list":["post-1188","page","type-page","status-publish","hentry"],"_links":{"self":[{"href":"https:\/\/www.tamariemerhba.com\/de\/wp-json\/wp\/v2\/pages\/1188","targetHints":{"allow":["GET"]}}],"collection":[{"href":"https:\/\/www.tamariemerhba.com\/de\/wp-json\/wp\/v2\/pages"}],"about":[{"href":"https:\/\/www.tamariemerhba.com\/de\/wp-json\/wp\/v2\/types\/page"}],"author":[{"embeddable":true,"href":"https:\/\/www.tamariemerhba.com\/de\/wp-json\/wp\/v2\/users\/2"}],"replies":[{"embeddable":true,"href":"https:\/\/www.tamariemerhba.com\/de\/wp-json\/wp\/v2\/comments?post=1188"}],"version-history":[{"count":5,"href":"https:\/\/www.tamariemerhba.com\/de\/wp-json\/wp\/v2\/pages\/1188\/revisions"}],"predecessor-version":[{"id":2013,"href":"https:\/\/www.tamariemerhba.com\/de\/wp-json\/wp\/v2\/pages\/1188\/revisions\/2013"}],"wp:attachment":[{"href":"https:\/\/www.tamariemerhba.com\/de\/wp-json\/wp\/v2\/media?parent=1188"}],"curies":[{"name":"wp","href":"https:\/\/api.w.org\/{rel}","templated":true}]}}