{"id":1159,"date":"2021-02-19T16:39:31","date_gmt":"2021-02-19T15:39:31","guid":{"rendered":"https:\/\/www.tamariemerhba.com\/?page_id=1159"},"modified":"2021-05-11T08:53:39","modified_gmt":"2021-05-11T07:53:39","slug":"tc","status":"publish","type":"page","link":"https:\/\/www.tamariemerhba.com\/de\/tc\/","title":{"rendered":"T&#038;C"},"content":{"rendered":"<div data-elementor-type=\"wp-post\" data-elementor-id=\"1159\" class=\"elementor elementor-1159\" data-elementor-post-type=\"page\">\n\t\t\t\t\t\t<section class=\"elementor-section elementor-top-section elementor-element elementor-element-3906703 elementor-section-boxed elementor-section-height-default elementor-section-height-default\" data-id=\"3906703\" data-element_type=\"section\" data-e-type=\"section\" data-settings=\"{&quot;background_background&quot;:&quot;classic&quot;}\">\n\t\t\t\t\t\t\t<div class=\"elementor-background-overlay\"><\/div>\n\t\t\t\t\t\t\t<div class=\"elementor-container elementor-column-gap-default\">\n\t\t\t\t\t<div class=\"elementor-column elementor-col-33 elementor-top-column elementor-element elementor-element-5b80d24\" data-id=\"5b80d24\" data-element_type=\"column\" data-e-type=\"column\">\n\t\t\t<div class=\"elementor-widget-wrap\">\n\t\t\t\t\t\t\t<\/div>\n\t\t<\/div>\n\t\t\t\t<div class=\"elementor-column elementor-col-33 elementor-top-column elementor-element elementor-element-24c9f1f\" data-id=\"24c9f1f\" data-element_type=\"column\" data-e-type=\"column\">\n\t\t\t<div class=\"elementor-widget-wrap elementor-element-populated\">\n\t\t\t\t\t\t<div class=\"elementor-element elementor-element-a5e247a elementor-widget elementor-widget-heading\" data-id=\"a5e247a\" data-element_type=\"widget\" data-e-type=\"widget\" data-widget_type=\"heading.default\">\n\t\t\t\t<div class=\"elementor-widget-container\">\n\t\t\t\t\t<h2 class=\"elementor-heading-title elementor-size-default\">Allgemeine Bedingungen<\/h2>\t\t\t\t<\/div>\n\t\t\t\t<\/div>\n\t\t\t\t\t<\/div>\n\t\t<\/div>\n\t\t\t\t<div class=\"elementor-column elementor-col-33 elementor-top-column elementor-element elementor-element-9a08ab1\" data-id=\"9a08ab1\" data-element_type=\"column\" data-e-type=\"column\">\n\t\t\t<div class=\"elementor-widget-wrap\">\n\t\t\t\t\t\t\t<\/div>\n\t\t<\/div>\n\t\t\t\t\t<\/div>\n\t\t<\/section>\n\t\t\t\t<section class=\"elementor-section elementor-top-section elementor-element elementor-element-6814ac3 elementor-section-boxed elementor-section-height-default elementor-section-height-default\" data-id=\"6814ac3\" data-element_type=\"section\" data-e-type=\"section\">\n\t\t\t\t\t\t<div class=\"elementor-container elementor-column-gap-default\">\n\t\t\t\t\t<div class=\"elementor-column elementor-col-100 elementor-top-column elementor-element elementor-element-0b450f7\" data-id=\"0b450f7\" data-element_type=\"column\" data-e-type=\"column\">\n\t\t\t<div class=\"elementor-widget-wrap elementor-element-populated\">\n\t\t\t\t\t\t<div class=\"elementor-element elementor-element-e3b7761 elementor-widget elementor-widget-text-editor\" data-id=\"e3b7761\" data-element_type=\"widget\" data-e-type=\"widget\" data-widget_type=\"text-editor.default\">\n\t\t\t\t<div class=\"elementor-widget-container\">\n\t\t\t\t\t\t\t\t\t<p>Alle Buchungen m\u00fcssen zum Zeitpunkt der Buchung vollst\u00e4ndig bezahlt werden.<\/p><p><strong>Einchecken<\/strong><br \/>Ab 14:00 Uhr (F\u00fcr Fr\u00fchanreisende steht eine kostenlose Gep\u00e4ckaufbewahrung zur Verf\u00fcgung).<\/p><p><strong>Auschecken<\/strong><br \/>Vor 10:00<\/p><p><strong>Alterserfordernis Politik<\/strong><br \/>Die G\u00e4ste m\u00fcssen 21+ Jahre alt sein, mit Reisepass beim Check-In zur Verf\u00fcgung gestellt. Kinder und\/oder Kleinkinder unter 18 Jahren sind unter keinen Umst\u00e4nden erlaubt, es sei denn, sie werden von ihren Eltern begleitet.<\/p><p><strong>G\u00e4ste im Zimmer<\/strong><br \/>Nur registrierte G\u00e4ste sind in den Zimmern und auf dem gesamten Grundst\u00fcck erlaubt. Nicht registrierten Personen ist der Zutritt zum Anwesen ohne Zustimmung des Eigent\u00fcmers nicht gestattet.<\/p><p><strong>Raucherpolitik<br \/><\/strong>Unsere Gesundheit und Sicherheit und die aller G\u00e4ste ist von gr\u00f6\u00dfter Bedeutung, daher ist das Rauchen (einschlie\u00dflich E-Zigaretten) in Ta Marie's BnB v\u00f6llig verboten. Unser Anwesen ist mit der neuesten Rauchmelder-Technologie ausgestattet und G\u00e4ste, die diese Politik ignorieren, werden sofort ohne finanzielle Entsch\u00e4digung hinausgeworfen. Zus\u00e4tzlich wird eine Reinigungsgeb\u00fchr von 300 \u20ac erhoben. Die G\u00e4ste werden gebeten, unsere Dachterrassen zu nutzen, wo Aschenbecher zur Verf\u00fcgung stehen.<\/p><p><strong>Kerzen Politik<br \/><\/strong>Die Verwendung von Kerzen und\/oder anderen Gegenst\u00e4nden, die eine Flamme ben\u00f6tigen, stellt eine Brandgefahr dar und ist daher in Ta Marie's BnB strengstens untersagt. Unser Haus ist mit der neuesten Rauchmelder-Technologie ausgestattet und G\u00e4ste, die diese Richtlinie ignorieren, werden sofort ohne jegliche finanzielle Entsch\u00e4digung hinausgeworfen. F\u00fcr den Fall, dass ein Gast unser Rauchmeldesystem ausl\u00f6st, wird dem Gast eine Geb\u00fchr von 250 \u20ac in Rechnung gestellt.<\/p><p><strong>Haustiere<\/strong><br \/>Wir alle lieben Haustiere, aber das Anwesen selbst ist nicht haustierfreundlich.<\/p><p><strong>Stornierungsbedingungen<br \/><\/strong>Alle Buchungen sind nicht erstattungsf\u00e4hig, daher empfehlen wir zu Ihrer Sicherheit eine geeignete Reiseversicherung.<\/p><p><strong>Steuern<br \/><\/strong>7% Mehrwertsteuer sind in unseren Unterkunftspreisen enthalten.<br \/>18% Mehrwertsteuer sind in allen anderen Geb\u00fchren enthalten.<\/p><p><strong>Touristischer Beitrag<\/strong><br \/>0,50 \u20ac pro Person, pro Nacht, maximal 5,00 \u20ac pro Person und durchgehenden Aufenthalt. Zahlbar zum Zeitpunkt der Buchung, zus\u00e4tzlich zu den Unterkunftskosten, und nicht umsatzsteuerpflichtig. Weitere Informationen erhalten Sie \u00fcber diesen <a href=\"http:\/\/tourism.gov.mt\/en\/Documents\/EC_WEB-PAGE_EN_FINAL%20copy.pdf\">link.<\/a><\/p><p><strong>Flughafen-Transfer<\/strong><br \/>Wir k\u00f6nnen einen Fahrer (mit einem privaten Auto) mit Ihrem Namen auf einem Schild arrangieren, der auf Ihre Ankunft am Flughafen wartet, um Sie sicher und direkt zum Cirkewwa Passenger Terminal nach Gozo zu bringen; wir holen Sie dort ab. Dies ist ein kostenpflichtiger Service, der bei der Buchung Ihres Zimmers \u00fcber unsere Website gebucht werden kann. Bitte geben Sie die Flugnummer, die geplante Ankunftszeit und Ihre Handynummer (inklusive Landesvorwahl) an. Wenn Sie einen Mietwagen bevorzugen und lieber selbst fahren m\u00f6chten, folgen Sie bitte der Wegbeschreibung \u00fcber diese <a href=\"https:\/\/www.google.com\/maps\/dir\/Malta+International+Airport\/Ta+Mari%C3%A8+Merhba,+0000,+Sqaq+Anton+Mallia+1+T%C3%A0+Mari%C3%A8+farmhousre+I%C5%BC-%C5%BBebbu%C4%A1+MT+ZBG,+1+Sqaq+Anton+Mallia,+%C5%BBebbu%C4%A1\/@35.9615848,14.2258903,11z\/data=!3m1!4b1!4m14!4m13!1m5!1m1!1s0x130e5a8552b04a6d:0xd6a6624d89d784a!2m2!1d14.4867114!2d35.8528531!1m5!1m1!1s0x130fb5a6f6ad9d7d:0x69e6bce5f7ad0840!2m2!1d14.2356393!2d36.0704793!3e0\">link.<\/a><\/p><p><strong>Fr\u00fchst\u00fccksservice<\/strong><br \/>T\u00e4glich von 8.00 - 10.00 Uhr in unserem Fr\u00fchst\u00fccksraum (NUR verf\u00fcgbar, wenn zum Zeitpunkt der Buchung bezahlt), unter Ber\u00fccksichtigung unserer K\u00fcche schlie\u00dft um 10.00 Uhr. F\u00fcr G\u00e4ste, die fr\u00fch auschecken und\/oder fr\u00fche Touren unternehmen, ist auf Anfrage ein \"Breakfast-in-a-Bag\" verf\u00fcgbar. F\u00fcr G\u00e4ste, die \"Room Only\" gebucht haben <em>(ohne Fr\u00fchst\u00fcck)<\/em>, Eine Liste mit Fr\u00fchst\u00fccksorten ist im Haus erh\u00e4ltlich.<\/p><p><strong>Verwendung der K\u00fcche<br \/><\/strong>Wir arbeiten als Bed &amp; Breakfast, das ist <u>keine <\/u>Selbstst\u00e4ndige Unterkunft.<br \/>Daher ist die Nutzung unserer K\u00fcche strengstens untersagt. Eine 300 \u20ac Reinigungsgeb\u00fchr wird in dem Fall, dass ein Gast w\u00e4hlt, um diese Politik zu ignorieren berechnet werden. Unser Studio ist mit K\u00fchlschrank und Mikrowelle f\u00fcr den Einsatz untergebracht.<\/p><p><strong>Benutzung der W\u00e4scherei<br \/><\/strong>Wir arbeiten als Bed &amp; Breakfast, das ist <u>keine <\/u>Selbstst\u00e4ndige Unterkunft.<br \/>Daher ist die Benutzung unserer W\u00e4scherei strengstens untersagt. Bitte entnehmen Sie unseren W\u00e4scheservice der G\u00e4steinformationsmappe in Ihrem Zimmer.<\/p><p><strong>Zimmerm\u00e4dchen-Service<br \/><\/strong>T\u00e4glich (au\u00dfer sonntags) von 10.00 - 14.00 Uhr ge\u00f6ffnet. Die Zimmer werden in dieser Zeit nur gewartet, wenn das Schild \"Make Up My Room\" vor 12 Uhr an der Au\u00dfent\u00fcrklinke des Zimmers angebracht wurde.<\/p>\t\t\t\t\t\t\t\t<\/div>\n\t\t\t\t<\/div>\n\t\t\t\t\t<\/div>\n\t\t<\/div>\n\t\t\t\t\t<\/div>\n\t\t<\/section>\n\t\t\t\t<\/div>","protected":false},"excerpt":{"rendered":"<p>Terms &amp; Conditions All bookings must be paid in full upon time of booking. Check In14:00 onwards (Free luggage storage is available for early arrivals). Check OutBefore 10:00 Age Requirement PolicyGuests must be 21+ years of age, with Passport provided upon Check In. Children and\/or infants under the age of 18 are not permitted, under [&hellip;]<\/p>\n","protected":false},"author":2,"featured_media":0,"parent":0,"menu_order":0,"comment_status":"closed","ping_status":"closed","template":"","meta":{"nf_dc_page":"","site-sidebar-layout":"no-sidebar","site-content-layout":"page-builder","ast-site-content-layout":"default","site-content-style":"default","site-sidebar-style":"default","ast-global-header-display":"","ast-banner-title-visibility":"","ast-main-header-display":"","ast-hfb-above-header-display":"","ast-hfb-below-header-display":"","ast-hfb-mobile-header-display":"","site-post-title":"disabled","ast-breadcrumbs-content":"","ast-featured-img":"disabled","footer-sml-layout":"","ast-disable-related-posts":"","theme-transparent-header-meta":"enabled","adv-header-id-meta":"","stick-header-meta":"","header-above-stick-meta":"","header-main-stick-meta":"","header-below-stick-meta":"","astra-migrate-meta-layouts":"default","ast-page-background-enabled":"default","ast-page-background-meta":{"desktop":{"background-color":"","background-image":"","background-repeat":"repeat","background-position":"center center","background-size":"auto","background-attachment":"scroll","background-type":"","background-media":"","overlay-type":"","overlay-color":"","overlay-opacity":"","overlay-gradient":""},"tablet":{"background-color":"","background-image":"","background-repeat":"repeat","background-position":"center center","background-size":"auto","background-attachment":"scroll","background-type":"","background-media":"","overlay-type":"","overlay-color":"","overlay-opacity":"","overlay-gradient":""},"mobile":{"background-color":"","background-image":"","background-repeat":"repeat","background-position":"center center","background-size":"auto","background-attachment":"scroll","background-type":"","background-media":"","overlay-type":"","overlay-color":"","overlay-opacity":"","overlay-gradient":""}},"ast-content-background-meta":{"desktop":{"background-color":"var(--ast-global-color-5)","background-image":"","background-repeat":"repeat","background-position":"center center","background-size":"auto","background-attachment":"scroll","background-type":"","background-media":"","overlay-type":"","overlay-color":"","overlay-opacity":"","overlay-gradient":""},"tablet":{"background-color":"var(--ast-global-color-5)","background-image":"","background-repeat":"repeat","background-position":"center center","background-size":"auto","background-attachment":"scroll","background-type":"","background-media":"","overlay-type":"","overlay-color":"","overlay-opacity":"","overlay-gradient":""},"mobile":{"background-color":"var(--ast-global-color-5)","background-image":"","background-repeat":"repeat","background-position":"center center","background-size":"auto","background-attachment":"scroll","background-type":"","background-media":"","overlay-type":"","overlay-color":"","overlay-opacity":"","overlay-gradient":""}},"footnotes":""},"class_list":["post-1159","page","type-page","status-publish","hentry"],"_links":{"self":[{"href":"https:\/\/www.tamariemerhba.com\/de\/wp-json\/wp\/v2\/pages\/1159","targetHints":{"allow":["GET"]}}],"collection":[{"href":"https:\/\/www.tamariemerhba.com\/de\/wp-json\/wp\/v2\/pages"}],"about":[{"href":"https:\/\/www.tamariemerhba.com\/de\/wp-json\/wp\/v2\/types\/page"}],"author":[{"embeddable":true,"href":"https:\/\/www.tamariemerhba.com\/de\/wp-json\/wp\/v2\/users\/2"}],"replies":[{"embeddable":true,"href":"https:\/\/www.tamariemerhba.com\/de\/wp-json\/wp\/v2\/comments?post=1159"}],"version-history":[{"count":5,"href":"https:\/\/www.tamariemerhba.com\/de\/wp-json\/wp\/v2\/pages\/1159\/revisions"}],"predecessor-version":[{"id":1923,"href":"https:\/\/www.tamariemerhba.com\/de\/wp-json\/wp\/v2\/pages\/1159\/revisions\/1923"}],"wp:attachment":[{"href":"https:\/\/www.tamariemerhba.com\/de\/wp-json\/wp\/v2\/media?parent=1159"}],"curies":[{"name":"wp","href":"https:\/\/api.w.org\/{rel}","templated":true}]}}